{"id":7297,"date":"2019-06-25T19:39:18","date_gmt":"2019-06-25T19:39:18","guid":{"rendered":"http:\/\/falsterbohorseshow614.e.wpstage.net\/?page_id=7297"},"modified":"2026-04-10T07:55:08","modified_gmt":"2026-04-10T07:55:08","slug":"exhibitors-2023","status":"publish","type":"page","link":"https:\/\/falsterbohorseshow.se\/en\/utstallarinformation\/exhibitors-2023\/","title":{"rendered":"Exhibitors 2026"},"content":{"rendered":"<h5 style=\"text-align: center;\"><span style=\"font-size: 1.2rem;\">Exhibitor maps (2025)<\/span><\/h5>\n<p style=\"text-align: center;\"><a href=\"http:\/\/falsterbohorseshow.se\/wp-content\/uploads\/2025\/07\/HUVUDOMRADE-2025.pdf\">MAIN AREA 2025<\/a><\/p>\n<p style=\"text-align: center;\"><a href=\"http:\/\/falsterbohorseshow.se\/wp-content\/uploads\/2025\/06\/NYA-OMRADET-2025-2.pdf\">NEW AREA 2025<\/a><\/p>\n<p style=\"text-align: center;\"><a href=\"http:\/\/falsterbohorseshow.se\/wp-content\/uploads\/2025\/06\/ENTREOMRADET-2025-1.pdf\">ENTRANCE AREA 2025<\/a><\/p>\n<p style=\"text-align: center;\"><a href=\"http:\/\/falsterbohorseshow.se\/wp-content\/uploads\/2025\/06\/FRAMHOPPNINGEN-2025.pdf\">WARM-UP AREA 2025<\/a><\/p>\n<p>&nbsp;<\/p>\n<h3 style=\"text-align: center;\">Exhibitors 2026 | The list is updated frequently<\/h3>\n<div class=\"page\" title=\"Page 1\">\n<div class=\"layoutArea\">\n<div class=\"column\"><\/div>\n<\/div>\n<\/div>\n<div class=\"page\" style=\"text-align: center;\" title=\"Page 4\">\n<div class=\"layoutArea\">\n<div class=\"column\">\n<p><span style=\"font-weight: 400;\">ABACUS SPORTSWEAR<\/span><\/p>\n<p><span style=\"font-weight: 400;\">ABECITA BY SWEGMARK<\/span><\/p>\n<p><span style=\"font-weight: 400;\">ABSOLUTE HORSETRUCKS<\/span><\/p>\n<p><span style=\"font-weight: 400;\">AGRIA<\/span><\/p>\n<p><span style=\"font-weight: 400;\">AIVINI INNOVATION FOR RIDERS<\/span><\/p>\n<p><span style=\"font-weight: 400;\">AIXAM MOPEDBILAR<\/span><\/p>\n<p><span style=\"font-weight: 400;\">ALFAB<\/span><\/p>\n<p><span style=\"font-weight: 400;\">ALL IN EQUESTRIAN<\/span><\/p>\n<p><span style=\"font-weight: 400;\">AMAZONA SUECA<\/span><\/p>\n<p><span style=\"font-weight: 400;\">ANASTASIA BEVERLY HILLS<\/span><\/p>\n<p><span style=\"font-weight: 400;\">ARION<\/span><\/p>\n<p><span style=\"font-weight: 400;\">ASCOT REITSPORT<\/span><\/p>\n<p><span style=\"font-weight: 400;\">AT GEDSHOLM<\/span><\/p>\n<p><span style=\"font-weight: 400;\">ATLETIX HORSE<\/span><\/p>\n<p><span style=\"font-weight: 400;\">AVEVE H\u00c4STFODER<\/span><\/p>\n<p><span style=\"font-weight: 400;\">BEPPS<\/span><\/p>\n<p><span style=\"font-weight: 400;\">BHOOF<\/span><\/p>\n<p><span style=\"font-weight: 400;\">BIRGER AND COMPANY<\/span><\/p>\n<p><span style=\"font-weight: 400;\">BLVCK INK<\/span><\/p>\n<p><span style=\"font-weight: 400;\">BMR PRODUKTER<\/span><\/p>\n<p><span style=\"font-weight: 400;\">BOLLERUPS LANTBRUKSINSTITUT<\/span><\/p>\n<p><span style=\"font-weight: 400;\">BUILDING PERFORMANCE SWEDEN \/INSTANT CRYO<\/span><\/p>\n<p><span style=\"font-weight: 400;\">BYAXEL \/ BELOTTI<\/span><\/p>\n<p><span style=\"font-weight: 400;\">B\u00d6CKMANN<\/span><\/p>\n<p><span style=\"font-weight: 400;\">B\u00d6RJES TINGSRYD<\/span><\/p>\n<p>REINHARDT<\/p>\n<p><span style=\"font-weight: 400;\">CAMELINA OF SWEDEN<\/span><\/p>\n<p><span style=\"font-weight: 400;\">CENTROPIX AFFILIATE<\/span><\/p>\n<p><span style=\"font-weight: 400;\">CFMOTO<\/span><\/p>\n<p><span style=\"font-weight: 400;\">CITY BOXEN<\/span><\/p>\n<p><span style=\"font-weight: 400;\">CLEAR ROUND H\u00c4STLASTBILAR<\/span><\/p>\n<p><span style=\"font-weight: 400;\">CROISETTE<\/span><\/p>\n<p><span style=\"font-weight: 400;\">DEFENDER<\/span><\/p>\n<p><span style=\"font-weight: 400;\">DM HORSETRUCKS<\/span><\/p>\n<p><span style=\"font-weight: 400;\">DOGMAN AND FRIENDS<\/span><\/p>\n<p><span style=\"font-weight: 400;\">DRESSYR CATRIN HENRIKSSON<\/span><\/p>\n<p><span style=\"font-weight: 400;\">DRESSYRBUTIKEN<\/span><\/p>\n<p>ECLIPSE BIOFARMAB<\/p>\n<p><span style=\"font-weight: 400;\">EMMY HOLMER<\/span><\/p>\n<p><span style=\"font-weight: 400;\">EQUALITY LINE<\/span><\/p>\n<p><span style=\"font-weight: 400;\">EQUESTRIAN FUTURE<\/span><\/p>\n<p><span style=\"font-weight: 400;\">EQUESTRIAN STOCKHOLM<\/span><\/p>\n<p><span style=\"font-weight: 400;\">EQUINETREE<\/span><\/p>\n<p><span style=\"font-weight: 400;\">EQUISAFE<\/span><\/p>\n<p>EQUI-TREK SWEDEN<\/p>\n<p><span style=\"font-weight: 400;\">EQUOIQ HORSEWEAR<\/span><\/p>\n<p><span style=\"font-weight: 400;\">EV-SVERIGE<\/span><\/p>\n<p><span style=\"font-weight: 400;\">EVIDENSIA H\u00c4ST<\/span><\/p>\n<p><span style=\"font-weight: 400;\">FAE FOR SAFETY<\/span><\/p>\n<p><span style=\"font-weight: 400;\">FAGER BITS<\/span><\/p>\n<p><span style=\"font-weight: 400;\">FARMCARE<\/span><\/p>\n<p><span style=\"font-weight: 400;\">FAUTRAS H\u00c4STTRANSPORTER<\/span><\/p>\n<p><span style=\"font-weight: 400;\">FLYINGE<\/span><\/p>\n<p><span style=\"font-weight: 400;\">FOLKSAM<\/span><\/p>\n<p><span style=\"font-weight: 400;\">FOREVER LIVING\u00a0 \/ ALOE VERA ANNA<\/span><\/p>\n<p><span style=\"font-weight: 400;\">FRIDHEMS MASKIN &amp; SMIDE AB<\/span><\/p>\n<p><span style=\"font-weight: 400;\">FRISKONOMEN<\/span><\/p>\n<p><span style=\"font-weight: 400;\">GINA TRICOT<\/span><\/p>\n<p><span style=\"font-weight: 400;\">GLOBAL TRUCKS<\/span><\/p>\n<p><span style=\"font-weight: 400;\">GORANS BIL &amp; H\u00c4STTRANSPORT<\/span><\/p>\n<p><span style=\"font-weight: 400;\">GOTTBERGS G\u00c5RD<\/span><\/p>\n<p><span style=\"font-weight: 400;\">GREENFEED<\/span><\/p>\n<p><span style=\"font-weight: 400;\">GULLFAXE STUDIO<\/span><\/p>\n<p><span style=\"font-weight: 400;\">HAGEN DESIGN<\/span><\/p>\n<p><span style=\"font-weight: 400;\">H\u00c9ST MILLAMI.COM &amp; MILLAMI AGENCY SWEDEN<\/span><\/p>\n<p><span style=\"font-weight: 400;\">HILLBAY HORSES<\/span><\/p>\n<p>HL BOXEN<\/p>\n<p><span style=\"font-weight: 400;\">HOME BY ILSE JACOBSEN<\/span><\/p>\n<p><span style=\"font-weight: 400;\">HONDA MIIMO<\/span><\/p>\n<p><span style=\"font-weight: 400;\">HORSE TRAINER<\/span><\/p>\n<p><span style=\"font-weight: 400;\">HORSEPARTNER HORSETRUCKS<\/span><\/p>\n<p><span style=\"font-weight: 400;\">HORSEWARE<\/span><\/p>\n<p><span style=\"font-weight: 400;\">HOUSE OF EQONA<\/span><\/p>\n<p><span style=\"font-weight: 400;\">HT TV\u00c4TTMASKINER<\/span><\/p>\n<p><span style=\"font-weight: 400;\">HYLTARP HORSES<\/span><\/p>\n<p><span style=\"font-weight: 400;\">H\u00d6\u00d6KS H\u00c4STSPORT<\/span><\/p>\n<p><span style=\"font-weight: 400;\">INDIVIDUALISTA<\/span><\/p>\n<p><span style=\"font-weight: 400;\">IOAKU<\/span><\/p>\n<p><span style=\"font-weight: 400;\">JACSON EQUESTRIAN<\/span><\/p>\n<p><span style=\"font-weight: 400;\">JB TRAILER<\/span><\/p>\n<p><span style=\"font-weight: 400;\">JFF RIDING WEAR<\/span><\/p>\n<p><span style=\"font-weight: 400;\">JONR\u00d6DS EQUISHOP<\/span><\/p>\n<p><span style=\"font-weight: 400;\">JOYELLI.SHOP<\/span><\/p>\n<p><span style=\"font-weight: 400;\">JOYFUL EQUESTRIAN ART&amp;DESIGN<\/span><\/p>\n<p><span style=\"font-weight: 400;\">K9 HORSE<\/span><\/p>\n<p><span style=\"font-weight: 400;\">KENTUCKY HORSEWEAR<\/span><\/p>\n<p><span style=\"font-weight: 400;\">KINGSR\u00d6D<\/span><\/p>\n<p><span style=\"font-weight: 400;\">KRIMINALV\u00c5RDEN<\/span><\/p>\n<p><span style=\"font-weight: 400;\">KUBBER\u00d6D<\/span><\/p>\n<p><span style=\"font-weight: 400;\">LIVIO SVERIGE AB<\/span><\/p>\n<p><span style=\"font-weight: 400;\">MAGIC WORK AB\/ MARIA WOLMESTAM<\/span><\/p>\n<p><span style=\"font-weight: 400;\">MARIA DALBORG<\/span><\/p>\n<p><span style=\"font-weight: 400;\">MARIAS H\u00c4ST &amp; FODER<\/span><\/p>\n<p><span style=\"font-weight: 400;\">MAYA DELOREZ<\/span><\/p>\n<p><span style=\"font-weight: 400;\">MI &amp; CASHMERE<\/span><\/p>\n<p><span style=\"font-weight: 400;\">MINO RIDBANOR<\/span><\/p>\n<p><span style=\"font-weight: 400;\">MM KIGERSTABLE<\/span><\/p>\n<p><span style=\"font-weight: 400;\">MONTAR<\/span><\/p>\n<p><span style=\"font-weight: 400;\">MORGAN NYMAN AB &#8211; VILLAVAGNAR<\/span><\/p>\n<p><span style=\"font-weight: 400;\">MYRBY<\/span><\/p>\n<p><span style=\"font-weight: 400;\">MYRBY\/MOLENKONING<\/span><\/p>\n<p><span style=\"font-weight: 400;\">M\u00c4KLARE SK\u00c5NEFASTIGHETER<\/span><\/p>\n<p><span style=\"font-weight: 400;\">NAF SWEDEN<\/span><\/p>\n<p><span style=\"font-weight: 400;\">NAM NAM H\u00c4STGODIS\/THE EQUEMIST\/NOOH NOOH<\/span><\/p>\n<p><span style=\"font-weight: 400;\">NORDIC HORSE<\/span><\/p>\n<p><span style=\"font-weight: 400;\">NORDIC WELLNESS<\/span><\/p>\n<p><span style=\"font-weight: 400;\">NORDTV\u00c4TT<\/span><\/p>\n<p><span style=\"font-weight: 400;\">NOSHOUT<\/span><\/p>\n<p><span style=\"font-weight: 400;\">OLE LYNGGAARD<\/span><\/p>\n<p><span style=\"font-weight: 400;\">OP MASKINER<\/span><\/p>\n<p><span style=\"font-weight: 400;\">OPTIKERHUSET I H\u00d6\u00d6R<\/span><\/p>\n<p><span style=\"font-weight: 400;\">PAP SWEDEN<\/span><\/p>\n<p><span style=\"font-weight: 400;\">PETEX I BOR\u00c5S<\/span><\/p>\n<p><span style=\"font-weight: 400;\">PHARMALIGHT<\/span><\/p>\n<p><span style=\"font-weight: 400;\">PROT\/EQUI &#8211; PROTECTION GEAR FOR EQUESTRIAN ATHLETES<\/span><\/p>\n<p><span style=\"font-weight: 400;\">PROVINCE 21<\/span><\/p>\n<p><span style=\"font-weight: 400;\">REITPOL JABKOWSKI<\/span><\/p>\n<p><span style=\"font-weight: 400;\">REITSPORT BURG GRETESCH<\/span><\/p>\n<p><span style=\"font-weight: 400;\">RIPPA NORDIC<\/span><\/p>\n<p><span style=\"font-weight: 400;\">ROLEX SERIES<\/span><\/p>\n<p><span style=\"font-weight: 400;\">RS MUSTANG AB<\/span><\/p>\n<p><span style=\"font-weight: 400;\">RYDE EQUESTRIAN<\/span><\/p>\n<p><span style=\"font-weight: 400;\">RYTTARMIND<\/span><\/p>\n<p><span style=\"font-weight: 400;\">S:A AGENCY<\/span><\/p>\n<p><span style=\"font-weight: 400;\">SADELMAGASINET<\/span><\/p>\n<p><span style=\"font-weight: 400;\">SAFETY SYSTEM<\/span><\/p>\n<p><span style=\"font-weight: 400;\">SALTO H\u00c4STPRODUKTER<\/span><\/p>\n<p><span style=\"font-weight: 400;\">SANTA CRUZ OF SCANDINAVIA<\/span><\/p>\n<p><span style=\"font-weight: 400;\">SAPONY<\/span><\/p>\n<p><span style=\"font-weight: 400;\">SEGRA GYMNASIET<\/span><\/p>\n<p><span style=\"font-weight: 400;\">SKARA H\u00c4STSPORT<\/span><\/p>\n<p><span style=\"font-weight: 400;\">SK\u00c5NEG\u00c5RDAR<\/span><\/p>\n<p><span style=\"font-weight: 400;\">SOFTJUMP<\/span><\/p>\n<p><span style=\"font-weight: 400;\">SONNYS SADELHJ\u00c4LP<\/span><\/p>\n<p><span style=\"font-weight: 400;\">SPERO EQUESTRIAN<\/span><\/p>\n<p><span style=\"font-weight: 400;\">STR\u00d6MSBERGSG\u00c5RD<\/span><\/p>\n<p><span style=\"font-weight: 400;\">ST\u00dcBBEN<\/span><\/p>\n<p><span style=\"font-weight: 400;\">SVELAND F\u00d6RS\u00c4KRINGAR<\/span><\/p>\n<p><span style=\"font-weight: 400;\">SVENSKA FODER<\/span><\/p>\n<p><span style=\"font-weight: 400;\">SVERIGEDEMOKRATERNA<\/span><\/p>\n<p><span style=\"font-weight: 400;\">SVERIGES RIDGYMNASIUM<\/span><\/p>\n<p><span style=\"font-weight: 400;\">TERRI SKOGSMASKINER \u2013 VARSAM GALLRING<\/span><\/p>\n<p><span style=\"font-weight: 400;\">TESSA &amp; MIMMI CLOGS OF SWEDEN<\/span><\/p>\n<p><span style=\"font-weight: 400;\">THERMOBAR AB<\/span><\/p>\n<p><span style=\"font-weight: 400;\">TORSTENSONS H\u00c4STTRANSPORTCENTER<\/span><\/p>\n<p><span style=\"font-weight: 400;\">TRIKEM<\/span><\/p>\n<p><span style=\"font-weight: 400;\">TUCCI\/EGO7<\/span><\/p>\n<p><span style=\"font-weight: 400;\">U&amp;P SPORTS<\/span><\/p>\n<p><span style=\"font-weight: 400;\">UHIP<\/span><\/p>\n<p><span style=\"font-weight: 400;\">UMESL\u00c4P<\/span><\/p>\n<p><span style=\"font-weight: 400;\">UPPR\u00c4TTA RIDSPORT \/ STIVALI ROMITELLI<\/span><\/p>\n<p><span style=\"font-weight: 400;\">UTE BOXEN<\/span><\/p>\n<p><span style=\"font-weight: 400;\">VELLINGE KOMMUN<\/span><\/p>\n<p><span style=\"font-weight: 400;\">WATER BOYS<\/span><\/p>\n<p><span style=\"font-weight: 400;\">WELLNESS AT HOME<\/span><\/p>\n<p><span style=\"font-weight: 400;\">WESTERN TACK AND FASHION<\/span><\/p>\n<p><span style=\"font-weight: 400;\">ZACZESS<\/span><\/p>\n<p><span style=\"font-weight: 400;\">\u00d6STERLENS H\u00c4STTRANSPORTCENTER<\/span><\/p>\n<p>&nbsp;<\/p>\n<\/div>\n<\/div>\n<\/div>\n<div class=\"fhs-content-box \" style=\"text-align: center;\">\n<h5>Interested in exhibiting at Falsterbo Horse Show?<\/h5>\n<pre>Contact M\u00e5rten Larsson,\r\nutstallare@falsterbohorseshow.com\r\n<\/pre>\n<\/div>\n","protected":false},"excerpt":{"rendered":"<p>Exhibitor maps (2025) MAIN AREA 2025 NEW AREA 2025 ENTRANCE AREA 2025 WARM-UP AREA 2025 &nbsp; Exhibitors 2026 | The list is updated frequently ABACUS SPORTSWEAR ABECITA BY SWEGMARK ABSOLUTE HORSETRUCKS AGRIA AIVINI INNOVATION FOR RIDERS AIXAM MOPEDBILAR ALFAB ALL IN EQUESTRIAN AMAZONA SUECA ANASTASIA BEVERLY HILLS ARION ASCOT REITSPORT AT GEDSHOLM ATLETIX HORSE AVEVE [&hellip;]<\/p>\n","protected":false},"author":1,"featured_media":0,"parent":7136,"menu_order":0,"comment_status":"closed","ping_status":"closed","template":"templates\/right-sidebar.php","meta":{"_acf_changed":false,"footnotes":""},"class_list":["post-7297","page","type-page","status-publish","hentry"],"acf":[],"yoast_head":"<!-- This site is optimized with the Yoast SEO plugin v26.3 - https:\/\/yoast.com\/wordpress\/plugins\/seo\/ -->\n<title>Exhibitors 2026 - Falsterbo Horse Show<\/title>\n<meta name=\"robots\" content=\"index, follow, max-snippet:-1, max-image-preview:large, max-video-preview:-1\" \/>\n<link rel=\"canonical\" href=\"https:\/\/falsterbohorseshow.se\/en\/utstallarinformation\/exhibitors-2023\/\" \/>\n<meta property=\"og:locale\" content=\"en_US\" \/>\n<meta property=\"og:type\" content=\"article\" \/>\n<meta property=\"og:title\" content=\"Exhibitors 2026 - Falsterbo Horse Show\" \/>\n<meta property=\"og:description\" content=\"Exhibitor maps (2025) MAIN AREA 2025 NEW AREA 2025 ENTRANCE AREA 2025 WARM-UP AREA 2025 &nbsp; Exhibitors 2026 | The list is updated frequently ABACUS SPORTSWEAR ABECITA BY SWEGMARK ABSOLUTE HORSETRUCKS AGRIA AIVINI INNOVATION FOR RIDERS AIXAM MOPEDBILAR ALFAB ALL IN EQUESTRIAN AMAZONA SUECA ANASTASIA BEVERLY HILLS ARION ASCOT REITSPORT AT GEDSHOLM ATLETIX HORSE AVEVE [&hellip;]\" \/>\n<meta property=\"og:url\" content=\"https:\/\/falsterbohorseshow.se\/en\/utstallarinformation\/exhibitors-2023\/\" \/>\n<meta property=\"og:site_name\" content=\"Falsterbo Horse Show\" \/>\n<meta property=\"article:modified_time\" content=\"2026-04-10T07:55:08+00:00\" \/>\n<meta name=\"twitter:card\" content=\"summary_large_image\" \/>\n<meta name=\"twitter:label1\" content=\"Est. reading time\" \/>\n\t<meta name=\"twitter:data1\" content=\"2 minutes\" \/>\n<script type=\"application\/ld+json\" class=\"yoast-schema-graph\">{\"@context\":\"https:\/\/schema.org\",\"@graph\":[{\"@type\":\"WebPage\",\"@id\":\"https:\/\/falsterbohorseshow.se\/en\/utstallarinformation\/exhibitors-2023\/\",\"url\":\"https:\/\/falsterbohorseshow.se\/en\/utstallarinformation\/exhibitors-2023\/\",\"name\":\"Exhibitors 2026 - Falsterbo Horse Show\",\"isPartOf\":{\"@id\":\"https:\/\/falsterbohorseshow.se\/#website\"},\"datePublished\":\"2019-06-25T19:39:18+00:00\",\"dateModified\":\"2026-04-10T07:55:08+00:00\",\"breadcrumb\":{\"@id\":\"https:\/\/falsterbohorseshow.se\/en\/utstallarinformation\/exhibitors-2023\/#breadcrumb\"},\"inLanguage\":\"en-US\",\"potentialAction\":[{\"@type\":\"ReadAction\",\"target\":[\"https:\/\/falsterbohorseshow.se\/en\/utstallarinformation\/exhibitors-2023\/\"]}]},{\"@type\":\"BreadcrumbList\",\"@id\":\"https:\/\/falsterbohorseshow.se\/en\/utstallarinformation\/exhibitors-2023\/#breadcrumb\",\"itemListElement\":[{\"@type\":\"ListItem\",\"position\":1,\"name\":\"Home\",\"item\":\"https:\/\/falsterbohorseshow.se\/en\/\"},{\"@type\":\"ListItem\",\"position\":2,\"name\":\"Exhibitor information\",\"item\":\"https:\/\/falsterbohorseshow.se\/en\/utstallarinformation\/\"},{\"@type\":\"ListItem\",\"position\":3,\"name\":\"Exhibitors 2026\"}]},{\"@type\":\"WebSite\",\"@id\":\"https:\/\/falsterbohorseshow.se\/#website\",\"url\":\"https:\/\/falsterbohorseshow.se\/\",\"name\":\"Falsterbo Horse Show\",\"description\":\"As much Horse as Show\",\"publisher\":{\"@id\":\"https:\/\/falsterbohorseshow.se\/#organization\"},\"potentialAction\":[{\"@type\":\"SearchAction\",\"target\":{\"@type\":\"EntryPoint\",\"urlTemplate\":\"https:\/\/falsterbohorseshow.se\/?s={search_term_string}\"},\"query-input\":{\"@type\":\"PropertyValueSpecification\",\"valueRequired\":true,\"valueName\":\"search_term_string\"}}],\"inLanguage\":\"en-US\"},{\"@type\":\"Organization\",\"@id\":\"https:\/\/falsterbohorseshow.se\/#organization\",\"name\":\"Falsterbo Horse Show\",\"url\":\"https:\/\/falsterbohorseshow.se\/\",\"logo\":{\"@type\":\"ImageObject\",\"inLanguage\":\"en-US\",\"@id\":\"https:\/\/falsterbohorseshow.se\/#\/schema\/logo\/image\/\",\"url\":\"https:\/\/falsterbohorseshow.se\/wp-content\/uploads\/2023\/03\/Logo-till-hemsida.png\",\"contentUrl\":\"https:\/\/falsterbohorseshow.se\/wp-content\/uploads\/2023\/03\/Logo-till-hemsida.png\",\"width\":1336,\"height\":1337,\"caption\":\"Falsterbo Horse Show\"},\"image\":{\"@id\":\"https:\/\/falsterbohorseshow.se\/#\/schema\/logo\/image\/\"}}]}<\/script>\n<!-- \/ Yoast SEO plugin. -->","yoast_head_json":{"title":"Exhibitors 2026 - Falsterbo Horse Show","robots":{"index":"index","follow":"follow","max-snippet":"max-snippet:-1","max-image-preview":"max-image-preview:large","max-video-preview":"max-video-preview:-1"},"canonical":"https:\/\/falsterbohorseshow.se\/en\/utstallarinformation\/exhibitors-2023\/","og_locale":"en_US","og_type":"article","og_title":"Exhibitors 2026 - Falsterbo Horse Show","og_description":"Exhibitor maps (2025) MAIN AREA 2025 NEW AREA 2025 ENTRANCE AREA 2025 WARM-UP AREA 2025 &nbsp; Exhibitors 2026 | The list is updated frequently ABACUS SPORTSWEAR ABECITA BY SWEGMARK ABSOLUTE HORSETRUCKS AGRIA AIVINI INNOVATION FOR RIDERS AIXAM MOPEDBILAR ALFAB ALL IN EQUESTRIAN AMAZONA SUECA ANASTASIA BEVERLY HILLS ARION ASCOT REITSPORT AT GEDSHOLM ATLETIX HORSE AVEVE [&hellip;]","og_url":"https:\/\/falsterbohorseshow.se\/en\/utstallarinformation\/exhibitors-2023\/","og_site_name":"Falsterbo Horse Show","article_modified_time":"2026-04-10T07:55:08+00:00","twitter_card":"summary_large_image","twitter_misc":{"Est. reading time":"2 minutes"},"schema":{"@context":"https:\/\/schema.org","@graph":[{"@type":"WebPage","@id":"https:\/\/falsterbohorseshow.se\/en\/utstallarinformation\/exhibitors-2023\/","url":"https:\/\/falsterbohorseshow.se\/en\/utstallarinformation\/exhibitors-2023\/","name":"Exhibitors 2026 - Falsterbo Horse Show","isPartOf":{"@id":"https:\/\/falsterbohorseshow.se\/#website"},"datePublished":"2019-06-25T19:39:18+00:00","dateModified":"2026-04-10T07:55:08+00:00","breadcrumb":{"@id":"https:\/\/falsterbohorseshow.se\/en\/utstallarinformation\/exhibitors-2023\/#breadcrumb"},"inLanguage":"en-US","potentialAction":[{"@type":"ReadAction","target":["https:\/\/falsterbohorseshow.se\/en\/utstallarinformation\/exhibitors-2023\/"]}]},{"@type":"BreadcrumbList","@id":"https:\/\/falsterbohorseshow.se\/en\/utstallarinformation\/exhibitors-2023\/#breadcrumb","itemListElement":[{"@type":"ListItem","position":1,"name":"Home","item":"https:\/\/falsterbohorseshow.se\/en\/"},{"@type":"ListItem","position":2,"name":"Exhibitor information","item":"https:\/\/falsterbohorseshow.se\/en\/utstallarinformation\/"},{"@type":"ListItem","position":3,"name":"Exhibitors 2026"}]},{"@type":"WebSite","@id":"https:\/\/falsterbohorseshow.se\/#website","url":"https:\/\/falsterbohorseshow.se\/","name":"Falsterbo Horse Show","description":"As much Horse as Show","publisher":{"@id":"https:\/\/falsterbohorseshow.se\/#organization"},"potentialAction":[{"@type":"SearchAction","target":{"@type":"EntryPoint","urlTemplate":"https:\/\/falsterbohorseshow.se\/?s={search_term_string}"},"query-input":{"@type":"PropertyValueSpecification","valueRequired":true,"valueName":"search_term_string"}}],"inLanguage":"en-US"},{"@type":"Organization","@id":"https:\/\/falsterbohorseshow.se\/#organization","name":"Falsterbo Horse Show","url":"https:\/\/falsterbohorseshow.se\/","logo":{"@type":"ImageObject","inLanguage":"en-US","@id":"https:\/\/falsterbohorseshow.se\/#\/schema\/logo\/image\/","url":"https:\/\/falsterbohorseshow.se\/wp-content\/uploads\/2023\/03\/Logo-till-hemsida.png","contentUrl":"https:\/\/falsterbohorseshow.se\/wp-content\/uploads\/2023\/03\/Logo-till-hemsida.png","width":1336,"height":1337,"caption":"Falsterbo Horse Show"},"image":{"@id":"https:\/\/falsterbohorseshow.se\/#\/schema\/logo\/image\/"}}]}},"_links":{"self":[{"href":"https:\/\/falsterbohorseshow.se\/en\/wp-json\/wp\/v2\/pages\/7297","targetHints":{"allow":["GET"]}}],"collection":[{"href":"https:\/\/falsterbohorseshow.se\/en\/wp-json\/wp\/v2\/pages"}],"about":[{"href":"https:\/\/falsterbohorseshow.se\/en\/wp-json\/wp\/v2\/types\/page"}],"author":[{"embeddable":true,"href":"https:\/\/falsterbohorseshow.se\/en\/wp-json\/wp\/v2\/users\/1"}],"replies":[{"embeddable":true,"href":"https:\/\/falsterbohorseshow.se\/en\/wp-json\/wp\/v2\/comments?post=7297"}],"version-history":[{"count":37,"href":"https:\/\/falsterbohorseshow.se\/en\/wp-json\/wp\/v2\/pages\/7297\/revisions"}],"predecessor-version":[{"id":12644,"href":"https:\/\/falsterbohorseshow.se\/en\/wp-json\/wp\/v2\/pages\/7297\/revisions\/12644"}],"up":[{"embeddable":true,"href":"https:\/\/falsterbohorseshow.se\/en\/wp-json\/wp\/v2\/pages\/7136"}],"wp:attachment":[{"href":"https:\/\/falsterbohorseshow.se\/en\/wp-json\/wp\/v2\/media?parent=7297"}],"curies":[{"name":"wp","href":"https:\/\/api.w.org\/{rel}","templated":true}]}}