{"id":7041,"date":"2019-05-30T14:14:15","date_gmt":"2019-05-30T14:14:15","guid":{"rendered":"http:\/\/falsterbohorseshow614.e.wpstage.net\/hundaktiviteter\/"},"modified":"2023-05-05T09:33:04","modified_gmt":"2023-05-05T09:33:04","slug":"hundaktiviteter","status":"publish","type":"page","link":"https:\/\/falsterbohorseshow.se\/en\/hundaktiviteter\/","title":{"rendered":"Hundaktiviteter"},"content":{"rendered":"","protected":false},"excerpt":{"rendered":"","protected":false},"author":1,"featured_media":10143,"parent":0,"menu_order":0,"comment_status":"closed","ping_status":"closed","template":"","meta":{"_acf_changed":false,"footnotes":""},"class_list":["post-7041","page","type-page","status-publish","has-post-thumbnail","hentry"],"acf":[],"yoast_head":"<!-- This site is optimized with the Yoast SEO plugin v26.3 - https:\/\/yoast.com\/wordpress\/plugins\/seo\/ -->\n<title>Hundaktiviteter - Falsterbo Horse Show<\/title>\n<meta name=\"description\" content=\"L\u00f6rdagen 6 juli - 10:00-18:00. Falsterbobanan - Inofficiell hundutst\u00e4llning f\u00f6r alla raser fr\u00e5n 4 m\u00e5nader.\" \/>\n<meta name=\"robots\" content=\"index, follow, max-snippet:-1, max-image-preview:large, max-video-preview:-1\" \/>\n<link rel=\"canonical\" href=\"https:\/\/falsterbohorseshow.se\/en\/hundaktiviteter\/\" \/>\n<meta property=\"og:locale\" content=\"en_US\" \/>\n<meta property=\"og:type\" content=\"article\" \/>\n<meta property=\"og:title\" content=\"Hundaktiviteter - Falsterbo Horse Show\" \/>\n<meta property=\"og:description\" content=\"L\u00f6rdagen 6 juli - 10:00-18:00. Falsterbobanan - Inofficiell hundutst\u00e4llning f\u00f6r alla raser fr\u00e5n 4 m\u00e5nader.\" \/>\n<meta property=\"og:url\" content=\"https:\/\/falsterbohorseshow.se\/en\/hundaktiviteter\/\" \/>\n<meta property=\"og:site_name\" content=\"Falsterbo Horse Show\" \/>\n<meta property=\"article:modified_time\" content=\"2023-05-05T09:33:04+00:00\" \/>\n<meta property=\"og:image\" content=\"https:\/\/falsterbohorseshow.se\/wp-content\/uploads\/2023\/05\/1M9A9859-1-1.jpg\" \/>\n\t<meta property=\"og:image:width\" content=\"1500\" \/>\n\t<meta property=\"og:image:height\" content=\"632\" \/>\n\t<meta property=\"og:image:type\" content=\"image\/jpeg\" \/>\n<meta name=\"twitter:card\" content=\"summary_large_image\" \/>\n<script type=\"application\/ld+json\" class=\"yoast-schema-graph\">{\"@context\":\"https:\/\/schema.org\",\"@graph\":[{\"@type\":\"WebPage\",\"@id\":\"https:\/\/falsterbohorseshow.se\/en\/hundaktiviteter\/\",\"url\":\"https:\/\/falsterbohorseshow.se\/en\/hundaktiviteter\/\",\"name\":\"Hundaktiviteter - Falsterbo Horse Show\",\"isPartOf\":{\"@id\":\"https:\/\/falsterbohorseshow.se\/#website\"},\"primaryImageOfPage\":{\"@id\":\"https:\/\/falsterbohorseshow.se\/en\/hundaktiviteter\/#primaryimage\"},\"image\":{\"@id\":\"https:\/\/falsterbohorseshow.se\/en\/hundaktiviteter\/#primaryimage\"},\"thumbnailUrl\":\"https:\/\/falsterbohorseshow.se\/wp-content\/uploads\/2023\/05\/1M9A9859-1-1.jpg\",\"datePublished\":\"2019-05-30T14:14:15+00:00\",\"dateModified\":\"2023-05-05T09:33:04+00:00\",\"description\":\"L\u00f6rdagen 6 juli - 10:00-18:00. Falsterbobanan - Inofficiell hundutst\u00e4llning f\u00f6r alla raser fr\u00e5n 4 m\u00e5nader.\",\"breadcrumb\":{\"@id\":\"https:\/\/falsterbohorseshow.se\/en\/hundaktiviteter\/#breadcrumb\"},\"inLanguage\":\"en-US\",\"potentialAction\":[{\"@type\":\"ReadAction\",\"target\":[\"https:\/\/falsterbohorseshow.se\/en\/hundaktiviteter\/\"]}]},{\"@type\":\"ImageObject\",\"inLanguage\":\"en-US\",\"@id\":\"https:\/\/falsterbohorseshow.se\/en\/hundaktiviteter\/#primaryimage\",\"url\":\"https:\/\/falsterbohorseshow.se\/wp-content\/uploads\/2023\/05\/1M9A9859-1-1.jpg\",\"contentUrl\":\"https:\/\/falsterbohorseshow.se\/wp-content\/uploads\/2023\/05\/1M9A9859-1-1.jpg\",\"width\":1500,\"height\":632},{\"@type\":\"BreadcrumbList\",\"@id\":\"https:\/\/falsterbohorseshow.se\/en\/hundaktiviteter\/#breadcrumb\",\"itemListElement\":[{\"@type\":\"ListItem\",\"position\":1,\"name\":\"Home\",\"item\":\"https:\/\/falsterbohorseshow.se\/en\/\"},{\"@type\":\"ListItem\",\"position\":2,\"name\":\"Hundaktiviteter\"}]},{\"@type\":\"WebSite\",\"@id\":\"https:\/\/falsterbohorseshow.se\/#website\",\"url\":\"https:\/\/falsterbohorseshow.se\/\",\"name\":\"Falsterbo Horse Show\",\"description\":\"As much Horse as Show\",\"publisher\":{\"@id\":\"https:\/\/falsterbohorseshow.se\/#organization\"},\"potentialAction\":[{\"@type\":\"SearchAction\",\"target\":{\"@type\":\"EntryPoint\",\"urlTemplate\":\"https:\/\/falsterbohorseshow.se\/?s={search_term_string}\"},\"query-input\":{\"@type\":\"PropertyValueSpecification\",\"valueRequired\":true,\"valueName\":\"search_term_string\"}}],\"inLanguage\":\"en-US\"},{\"@type\":\"Organization\",\"@id\":\"https:\/\/falsterbohorseshow.se\/#organization\",\"name\":\"Falsterbo Horse Show\",\"url\":\"https:\/\/falsterbohorseshow.se\/\",\"logo\":{\"@type\":\"ImageObject\",\"inLanguage\":\"en-US\",\"@id\":\"https:\/\/falsterbohorseshow.se\/#\/schema\/logo\/image\/\",\"url\":\"https:\/\/falsterbohorseshow.se\/wp-content\/uploads\/2023\/03\/Logo-till-hemsida.png\",\"contentUrl\":\"https:\/\/falsterbohorseshow.se\/wp-content\/uploads\/2023\/03\/Logo-till-hemsida.png\",\"width\":1336,\"height\":1337,\"caption\":\"Falsterbo Horse Show\"},\"image\":{\"@id\":\"https:\/\/falsterbohorseshow.se\/#\/schema\/logo\/image\/\"}}]}<\/script>\n<!-- \/ Yoast SEO plugin. -->","yoast_head_json":{"title":"Hundaktiviteter - Falsterbo Horse Show","description":"L\u00f6rdagen 6 juli - 10:00-18:00. Falsterbobanan - Inofficiell hundutst\u00e4llning f\u00f6r alla raser fr\u00e5n 4 m\u00e5nader.","robots":{"index":"index","follow":"follow","max-snippet":"max-snippet:-1","max-image-preview":"max-image-preview:large","max-video-preview":"max-video-preview:-1"},"canonical":"https:\/\/falsterbohorseshow.se\/en\/hundaktiviteter\/","og_locale":"en_US","og_type":"article","og_title":"Hundaktiviteter - Falsterbo Horse Show","og_description":"L\u00f6rdagen 6 juli - 10:00-18:00. Falsterbobanan - Inofficiell hundutst\u00e4llning f\u00f6r alla raser fr\u00e5n 4 m\u00e5nader.","og_url":"https:\/\/falsterbohorseshow.se\/en\/hundaktiviteter\/","og_site_name":"Falsterbo Horse Show","article_modified_time":"2023-05-05T09:33:04+00:00","og_image":[{"width":1500,"height":632,"url":"https:\/\/falsterbohorseshow.se\/wp-content\/uploads\/2023\/05\/1M9A9859-1-1.jpg","type":"image\/jpeg"}],"twitter_card":"summary_large_image","schema":{"@context":"https:\/\/schema.org","@graph":[{"@type":"WebPage","@id":"https:\/\/falsterbohorseshow.se\/en\/hundaktiviteter\/","url":"https:\/\/falsterbohorseshow.se\/en\/hundaktiviteter\/","name":"Hundaktiviteter - Falsterbo Horse Show","isPartOf":{"@id":"https:\/\/falsterbohorseshow.se\/#website"},"primaryImageOfPage":{"@id":"https:\/\/falsterbohorseshow.se\/en\/hundaktiviteter\/#primaryimage"},"image":{"@id":"https:\/\/falsterbohorseshow.se\/en\/hundaktiviteter\/#primaryimage"},"thumbnailUrl":"https:\/\/falsterbohorseshow.se\/wp-content\/uploads\/2023\/05\/1M9A9859-1-1.jpg","datePublished":"2019-05-30T14:14:15+00:00","dateModified":"2023-05-05T09:33:04+00:00","description":"L\u00f6rdagen 6 juli - 10:00-18:00. Falsterbobanan - Inofficiell hundutst\u00e4llning f\u00f6r alla raser fr\u00e5n 4 m\u00e5nader.","breadcrumb":{"@id":"https:\/\/falsterbohorseshow.se\/en\/hundaktiviteter\/#breadcrumb"},"inLanguage":"en-US","potentialAction":[{"@type":"ReadAction","target":["https:\/\/falsterbohorseshow.se\/en\/hundaktiviteter\/"]}]},{"@type":"ImageObject","inLanguage":"en-US","@id":"https:\/\/falsterbohorseshow.se\/en\/hundaktiviteter\/#primaryimage","url":"https:\/\/falsterbohorseshow.se\/wp-content\/uploads\/2023\/05\/1M9A9859-1-1.jpg","contentUrl":"https:\/\/falsterbohorseshow.se\/wp-content\/uploads\/2023\/05\/1M9A9859-1-1.jpg","width":1500,"height":632},{"@type":"BreadcrumbList","@id":"https:\/\/falsterbohorseshow.se\/en\/hundaktiviteter\/#breadcrumb","itemListElement":[{"@type":"ListItem","position":1,"name":"Home","item":"https:\/\/falsterbohorseshow.se\/en\/"},{"@type":"ListItem","position":2,"name":"Hundaktiviteter"}]},{"@type":"WebSite","@id":"https:\/\/falsterbohorseshow.se\/#website","url":"https:\/\/falsterbohorseshow.se\/","name":"Falsterbo Horse Show","description":"As much Horse as Show","publisher":{"@id":"https:\/\/falsterbohorseshow.se\/#organization"},"potentialAction":[{"@type":"SearchAction","target":{"@type":"EntryPoint","urlTemplate":"https:\/\/falsterbohorseshow.se\/?s={search_term_string}"},"query-input":{"@type":"PropertyValueSpecification","valueRequired":true,"valueName":"search_term_string"}}],"inLanguage":"en-US"},{"@type":"Organization","@id":"https:\/\/falsterbohorseshow.se\/#organization","name":"Falsterbo Horse Show","url":"https:\/\/falsterbohorseshow.se\/","logo":{"@type":"ImageObject","inLanguage":"en-US","@id":"https:\/\/falsterbohorseshow.se\/#\/schema\/logo\/image\/","url":"https:\/\/falsterbohorseshow.se\/wp-content\/uploads\/2023\/03\/Logo-till-hemsida.png","contentUrl":"https:\/\/falsterbohorseshow.se\/wp-content\/uploads\/2023\/03\/Logo-till-hemsida.png","width":1336,"height":1337,"caption":"Falsterbo Horse Show"},"image":{"@id":"https:\/\/falsterbohorseshow.se\/#\/schema\/logo\/image\/"}}]}},"_links":{"self":[{"href":"https:\/\/falsterbohorseshow.se\/en\/wp-json\/wp\/v2\/pages\/7041","targetHints":{"allow":["GET"]}}],"collection":[{"href":"https:\/\/falsterbohorseshow.se\/en\/wp-json\/wp\/v2\/pages"}],"about":[{"href":"https:\/\/falsterbohorseshow.se\/en\/wp-json\/wp\/v2\/types\/page"}],"author":[{"embeddable":true,"href":"https:\/\/falsterbohorseshow.se\/en\/wp-json\/wp\/v2\/users\/1"}],"replies":[{"embeddable":true,"href":"https:\/\/falsterbohorseshow.se\/en\/wp-json\/wp\/v2\/comments?post=7041"}],"version-history":[{"count":6,"href":"https:\/\/falsterbohorseshow.se\/en\/wp-json\/wp\/v2\/pages\/7041\/revisions"}],"predecessor-version":[{"id":9604,"href":"https:\/\/falsterbohorseshow.se\/en\/wp-json\/wp\/v2\/pages\/7041\/revisions\/9604"}],"wp:featuredmedia":[{"embeddable":true,"href":"https:\/\/falsterbohorseshow.se\/en\/wp-json\/wp\/v2\/media\/10143"}],"wp:attachment":[{"href":"https:\/\/falsterbohorseshow.se\/en\/wp-json\/wp\/v2\/media?parent=7041"}],"curies":[{"name":"wp","href":"https:\/\/api.w.org\/{rel}","templated":true}]}}