{"id":6994,"date":"2019-05-30T11:07:16","date_gmt":"2019-05-30T11:07:16","guid":{"rendered":"http:\/\/falsterbohorseshow614.e.wpstage.net\/steakhouse\/"},"modified":"2025-06-10T08:48:36","modified_gmt":"2025-06-10T08:48:36","slug":"steakhouse","status":"publish","type":"page","link":"https:\/\/falsterbohorseshow.se\/en\/eating-and-living\/steakhouse\/","title":{"rendered":"Steakhouse"},"content":{"rendered":"<p>Falsterbo Horse Shows \u00e0 la carte restaurang \u00e4r bel\u00e4gen p\u00e5 \u201dStora foodcourten\u201d precis innanf\u00f6r huvudentr\u00e9n. Restaurangen \u00e4r \u00f6ppen alla dagar under t\u00e4vlingsveckan 12:00-01:00.\u00a0P\u00e5 kv\u00e4llarna \u00e4r det \u00f6ppet f\u00f6r allm\u00e4nheten, inget intr\u00e4de till omr\u00e5det beh\u00f6vs.<\/p>\n<p>H\u00e4r kan ni avnjuta en god middag tillagad p\u00e5 lokala sk\u00e5nska r\u00e5varor eller bara sitta i v\u00e5r loungeavdelning och avnjuta ett glas champagne i solen.<\/p>\n<p>\u00c4t och drick i lugn och ro, vi visar alltid t\u00e4vlingarna p\u00e5 storbildssk\u00e4rm i restaurangen.<\/p>\n<p>F\u00f6r bordsbokning och info kontakta:<\/p>\n<p>+46 (0) 765 91 42 15<br \/>\n<a href=\"mailto:falsterbo@caterevent.se\">falsterbo@caterevent.se<\/a><\/p>\n","protected":false},"excerpt":{"rendered":"<p>Falsterbo Horse Shows \u00e0 la carte restaurang \u00e4r bel\u00e4gen p\u00e5 \u201dStora foodcourten\u201d precis innanf\u00f6r huvudentr\u00e9n. Restaurangen \u00e4r \u00f6ppen alla dagar under t\u00e4vlingsveckan 12:00-01:00.\u00a0P\u00e5 kv\u00e4llarna \u00e4r det \u00f6ppet f\u00f6r allm\u00e4nheten, inget intr\u00e4de till omr\u00e5det beh\u00f6vs. H\u00e4r kan ni avnjuta en god middag tillagad p\u00e5 lokala sk\u00e5nska r\u00e5varor eller bara sitta i v\u00e5r loungeavdelning och avnjuta ett [&hellip;]<\/p>\n","protected":false},"author":1,"featured_media":0,"parent":276,"menu_order":0,"comment_status":"closed","ping_status":"closed","template":"templates\/right-sidebar.php","meta":{"_acf_changed":false,"footnotes":""},"class_list":["post-6994","page","type-page","status-publish","hentry"],"acf":[],"yoast_head":"<!-- This site is optimized with the Yoast SEO plugin v26.3 - https:\/\/yoast.com\/wordpress\/plugins\/seo\/ -->\n<title>Steakhouse - Falsterbo Horse Show<\/title>\n<meta name=\"robots\" content=\"index, follow, max-snippet:-1, max-image-preview:large, max-video-preview:-1\" \/>\n<link rel=\"canonical\" href=\"https:\/\/falsterbohorseshow.se\/en\/eating-and-living\/steakhouse\/\" \/>\n<meta property=\"og:locale\" content=\"en_US\" \/>\n<meta property=\"og:type\" content=\"article\" \/>\n<meta property=\"og:title\" content=\"Steakhouse - Falsterbo Horse Show\" \/>\n<meta property=\"og:description\" content=\"Falsterbo Horse Shows \u00e0 la carte restaurang \u00e4r bel\u00e4gen p\u00e5 \u201dStora foodcourten\u201d precis innanf\u00f6r huvudentr\u00e9n. Restaurangen \u00e4r \u00f6ppen alla dagar under t\u00e4vlingsveckan 12:00-01:00.\u00a0P\u00e5 kv\u00e4llarna \u00e4r det \u00f6ppet f\u00f6r allm\u00e4nheten, inget intr\u00e4de till omr\u00e5det beh\u00f6vs. H\u00e4r kan ni avnjuta en god middag tillagad p\u00e5 lokala sk\u00e5nska r\u00e5varor eller bara sitta i v\u00e5r loungeavdelning och avnjuta ett [&hellip;]\" \/>\n<meta property=\"og:url\" content=\"https:\/\/falsterbohorseshow.se\/en\/eating-and-living\/steakhouse\/\" \/>\n<meta property=\"og:site_name\" content=\"Falsterbo Horse Show\" \/>\n<meta property=\"article:modified_time\" content=\"2025-06-10T08:48:36+00:00\" \/>\n<meta name=\"twitter:card\" content=\"summary_large_image\" \/>\n<meta name=\"twitter:label1\" content=\"Est. reading time\" \/>\n\t<meta name=\"twitter:data1\" content=\"1 minute\" \/>\n<script type=\"application\/ld+json\" class=\"yoast-schema-graph\">{\"@context\":\"https:\/\/schema.org\",\"@graph\":[{\"@type\":\"WebPage\",\"@id\":\"https:\/\/falsterbohorseshow.se\/en\/eating-and-living\/steakhouse\/\",\"url\":\"https:\/\/falsterbohorseshow.se\/en\/eating-and-living\/steakhouse\/\",\"name\":\"Steakhouse - Falsterbo Horse Show\",\"isPartOf\":{\"@id\":\"https:\/\/falsterbohorseshow.se\/#website\"},\"datePublished\":\"2019-05-30T11:07:16+00:00\",\"dateModified\":\"2025-06-10T08:48:36+00:00\",\"breadcrumb\":{\"@id\":\"https:\/\/falsterbohorseshow.se\/en\/eating-and-living\/steakhouse\/#breadcrumb\"},\"inLanguage\":\"en-US\",\"potentialAction\":[{\"@type\":\"ReadAction\",\"target\":[\"https:\/\/falsterbohorseshow.se\/en\/eating-and-living\/steakhouse\/\"]}]},{\"@type\":\"BreadcrumbList\",\"@id\":\"https:\/\/falsterbohorseshow.se\/en\/eating-and-living\/steakhouse\/#breadcrumb\",\"itemListElement\":[{\"@type\":\"ListItem\",\"position\":1,\"name\":\"Home\",\"item\":\"https:\/\/falsterbohorseshow.se\/en\/\"},{\"@type\":\"ListItem\",\"position\":2,\"name\":\"Eating and Living\",\"item\":\"https:\/\/falsterbohorseshow.se\/en\/eating-and-living\/\"},{\"@type\":\"ListItem\",\"position\":3,\"name\":\"Steakhouse\"}]},{\"@type\":\"WebSite\",\"@id\":\"https:\/\/falsterbohorseshow.se\/#website\",\"url\":\"https:\/\/falsterbohorseshow.se\/\",\"name\":\"Falsterbo Horse Show\",\"description\":\"As much Horse as Show\",\"publisher\":{\"@id\":\"https:\/\/falsterbohorseshow.se\/#organization\"},\"potentialAction\":[{\"@type\":\"SearchAction\",\"target\":{\"@type\":\"EntryPoint\",\"urlTemplate\":\"https:\/\/falsterbohorseshow.se\/?s={search_term_string}\"},\"query-input\":{\"@type\":\"PropertyValueSpecification\",\"valueRequired\":true,\"valueName\":\"search_term_string\"}}],\"inLanguage\":\"en-US\"},{\"@type\":\"Organization\",\"@id\":\"https:\/\/falsterbohorseshow.se\/#organization\",\"name\":\"Falsterbo Horse Show\",\"url\":\"https:\/\/falsterbohorseshow.se\/\",\"logo\":{\"@type\":\"ImageObject\",\"inLanguage\":\"en-US\",\"@id\":\"https:\/\/falsterbohorseshow.se\/#\/schema\/logo\/image\/\",\"url\":\"https:\/\/falsterbohorseshow.se\/wp-content\/uploads\/2023\/03\/Logo-till-hemsida.png\",\"contentUrl\":\"https:\/\/falsterbohorseshow.se\/wp-content\/uploads\/2023\/03\/Logo-till-hemsida.png\",\"width\":1336,\"height\":1337,\"caption\":\"Falsterbo Horse Show\"},\"image\":{\"@id\":\"https:\/\/falsterbohorseshow.se\/#\/schema\/logo\/image\/\"}}]}<\/script>\n<!-- \/ Yoast SEO plugin. -->","yoast_head_json":{"title":"Steakhouse - Falsterbo Horse Show","robots":{"index":"index","follow":"follow","max-snippet":"max-snippet:-1","max-image-preview":"max-image-preview:large","max-video-preview":"max-video-preview:-1"},"canonical":"https:\/\/falsterbohorseshow.se\/en\/eating-and-living\/steakhouse\/","og_locale":"en_US","og_type":"article","og_title":"Steakhouse - Falsterbo Horse Show","og_description":"Falsterbo Horse Shows \u00e0 la carte restaurang \u00e4r bel\u00e4gen p\u00e5 \u201dStora foodcourten\u201d precis innanf\u00f6r huvudentr\u00e9n. Restaurangen \u00e4r \u00f6ppen alla dagar under t\u00e4vlingsveckan 12:00-01:00.\u00a0P\u00e5 kv\u00e4llarna \u00e4r det \u00f6ppet f\u00f6r allm\u00e4nheten, inget intr\u00e4de till omr\u00e5det beh\u00f6vs. H\u00e4r kan ni avnjuta en god middag tillagad p\u00e5 lokala sk\u00e5nska r\u00e5varor eller bara sitta i v\u00e5r loungeavdelning och avnjuta ett [&hellip;]","og_url":"https:\/\/falsterbohorseshow.se\/en\/eating-and-living\/steakhouse\/","og_site_name":"Falsterbo Horse Show","article_modified_time":"2025-06-10T08:48:36+00:00","twitter_card":"summary_large_image","twitter_misc":{"Est. reading time":"1 minute"},"schema":{"@context":"https:\/\/schema.org","@graph":[{"@type":"WebPage","@id":"https:\/\/falsterbohorseshow.se\/en\/eating-and-living\/steakhouse\/","url":"https:\/\/falsterbohorseshow.se\/en\/eating-and-living\/steakhouse\/","name":"Steakhouse - Falsterbo Horse Show","isPartOf":{"@id":"https:\/\/falsterbohorseshow.se\/#website"},"datePublished":"2019-05-30T11:07:16+00:00","dateModified":"2025-06-10T08:48:36+00:00","breadcrumb":{"@id":"https:\/\/falsterbohorseshow.se\/en\/eating-and-living\/steakhouse\/#breadcrumb"},"inLanguage":"en-US","potentialAction":[{"@type":"ReadAction","target":["https:\/\/falsterbohorseshow.se\/en\/eating-and-living\/steakhouse\/"]}]},{"@type":"BreadcrumbList","@id":"https:\/\/falsterbohorseshow.se\/en\/eating-and-living\/steakhouse\/#breadcrumb","itemListElement":[{"@type":"ListItem","position":1,"name":"Home","item":"https:\/\/falsterbohorseshow.se\/en\/"},{"@type":"ListItem","position":2,"name":"Eating and Living","item":"https:\/\/falsterbohorseshow.se\/en\/eating-and-living\/"},{"@type":"ListItem","position":3,"name":"Steakhouse"}]},{"@type":"WebSite","@id":"https:\/\/falsterbohorseshow.se\/#website","url":"https:\/\/falsterbohorseshow.se\/","name":"Falsterbo Horse Show","description":"As much Horse as Show","publisher":{"@id":"https:\/\/falsterbohorseshow.se\/#organization"},"potentialAction":[{"@type":"SearchAction","target":{"@type":"EntryPoint","urlTemplate":"https:\/\/falsterbohorseshow.se\/?s={search_term_string}"},"query-input":{"@type":"PropertyValueSpecification","valueRequired":true,"valueName":"search_term_string"}}],"inLanguage":"en-US"},{"@type":"Organization","@id":"https:\/\/falsterbohorseshow.se\/#organization","name":"Falsterbo Horse Show","url":"https:\/\/falsterbohorseshow.se\/","logo":{"@type":"ImageObject","inLanguage":"en-US","@id":"https:\/\/falsterbohorseshow.se\/#\/schema\/logo\/image\/","url":"https:\/\/falsterbohorseshow.se\/wp-content\/uploads\/2023\/03\/Logo-till-hemsida.png","contentUrl":"https:\/\/falsterbohorseshow.se\/wp-content\/uploads\/2023\/03\/Logo-till-hemsida.png","width":1336,"height":1337,"caption":"Falsterbo Horse Show"},"image":{"@id":"https:\/\/falsterbohorseshow.se\/#\/schema\/logo\/image\/"}}]}},"_links":{"self":[{"href":"https:\/\/falsterbohorseshow.se\/en\/wp-json\/wp\/v2\/pages\/6994","targetHints":{"allow":["GET"]}}],"collection":[{"href":"https:\/\/falsterbohorseshow.se\/en\/wp-json\/wp\/v2\/pages"}],"about":[{"href":"https:\/\/falsterbohorseshow.se\/en\/wp-json\/wp\/v2\/types\/page"}],"author":[{"embeddable":true,"href":"https:\/\/falsterbohorseshow.se\/en\/wp-json\/wp\/v2\/users\/1"}],"replies":[{"embeddable":true,"href":"https:\/\/falsterbohorseshow.se\/en\/wp-json\/wp\/v2\/comments?post=6994"}],"version-history":[{"count":2,"href":"https:\/\/falsterbohorseshow.se\/en\/wp-json\/wp\/v2\/pages\/6994\/revisions"}],"predecessor-version":[{"id":11807,"href":"https:\/\/falsterbohorseshow.se\/en\/wp-json\/wp\/v2\/pages\/6994\/revisions\/11807"}],"up":[{"embeddable":true,"href":"https:\/\/falsterbohorseshow.se\/en\/wp-json\/wp\/v2\/pages\/276"}],"wp:attachment":[{"href":"https:\/\/falsterbohorseshow.se\/en\/wp-json\/wp\/v2\/media?parent=6994"}],"curies":[{"name":"wp","href":"https:\/\/api.w.org\/{rel}","templated":true}]}}