{"id":225,"date":"2019-02-13T11:54:55","date_gmt":"2019-02-13T11:54:55","guid":{"rendered":"http:\/\/localhost\/fhs\/?page_id=225"},"modified":"2026-03-31T08:36:59","modified_gmt":"2026-03-31T08:36:59","slug":"organisation","status":"publish","type":"page","link":"https:\/\/falsterbohorseshow.se\/en\/organisation\/","title":{"rendered":"Organization"},"content":{"rendered":"<p>&nbsp;<\/p>\n<p>&nbsp;<\/p>\n<p>&nbsp;<\/p>\n<table style=\"width: 898px;\">\n<tbody>\n<tr style=\"height: 46px;\">\n<td style=\"width: 936px; height: 46px;\" colspan=\"2\">\n<h4>\u00a0Organizing Committee<\/h4>\n<\/td>\n<\/tr>\n<tr style=\"height: 196px;\">\n<td style=\"width: 356px; height: 196px;\">\u00a0<strong>Members<\/strong><\/td>\n<td style=\"width: 580px; height: 196px;\">\n<ul>\n<li>Jan-Olof Wannius, President<\/li>\n<li>Elisabeth von Schrowe, Event Director<\/li>\n<li>Jan Brink<\/li>\n<li>Emelie Brolin<\/li>\n<li>G\u00f6ran Holm<\/li>\n<li>Josephine Sj\u00f6lin, Sport Manager<\/li>\n<li>Ulrika Hedin-S\u00e5nemyr<\/li>\n<li>Sylve S\u00f6derstrand<\/li>\n<\/ul>\n<\/td>\n<\/tr>\n<tr style=\"height: 46px;\">\n<td style=\"width: 936px; height: 46px;\" colspan=\"2\">\n<h4>\u00a0Show Jumping<\/h4>\n<\/td>\n<\/tr>\n<tr style=\"height: 34px;\">\n<td style=\"width: 356px; height: 34px;\">\u00a0<strong>Show Director<\/strong><\/td>\n<td style=\"width: 580px; height: 34px;\">\n<ul>\n<li>Jan-Olof Wannius,\u00a0SWE<\/li>\n<\/ul>\n<\/td>\n<\/tr>\n<tr style=\"height: 34px;\">\n<td style=\"width: 356px; height: 34px;\">\u00a0<strong>Chairman Judge<\/strong><\/td>\n<td style=\"width: 580px; height: 34px;\">\n<ul>\n<li>Suzanne Macken, IRL<\/li>\n<\/ul>\n<\/td>\n<\/tr>\n<tr style=\"height: 34px;\">\n<td style=\"width: 356px; height: 34px;\">\u00a0<strong>Foreign Judge<\/strong><\/td>\n<td style=\"width: 580px; height: 34px;\">\n<ul>\n<li>\n<div><span lang=\"EN-GB\">Ren\u00e9 Billardon<\/span><span style=\"font-family: inherit; font-size: 0.75rem;\">, FRA<\/span><\/div>\n<\/li>\n<\/ul>\n<\/td>\n<\/tr>\n<tr style=\"height: 70px;\">\n<td style=\"width: 356px; height: 70px;\">\n<p><strong>\u00a0Members, Judges<\/strong><\/p>\n<p>&nbsp;<\/td>\n<td style=\"width: 580px; height: 70px;\">\n<ul>\n<li>Annika Pihl, SWE<\/li>\n<li>Fredrik Reuterski\u00f6ld, SWE<\/li>\n<li>Anna-Karin Tiden, SWE<\/li>\n<\/ul>\n<\/td>\n<\/tr>\n<tr style=\"height: 142px;\">\n<td style=\"width: 356px; height: 142px;\">\u00a0<strong>Steward<\/strong><\/td>\n<td style=\"width: 580px; height: 142px;\">\n<ul>\n<li>Jaana Alvesparr,\u00a0SWE (Chief)<\/li>\n<li><span lang=\"EN-GB\">Patricia Passos, POR (Foreign)<\/span><\/li>\n<\/ul>\n<\/td>\n<\/tr>\n<tr style=\"height: 52px;\">\n<td style=\"width: 356px; height: 52px;\"><strong>\u00a0Course Designer<\/strong><\/td>\n<td style=\"width: 580px; height: 52px;\">\n<ul>\n<li>Frank Rothenberger, GER<\/li>\n<li>Christian Wiegand, GER<\/li>\n<li>Fredrik Malm, SWE<\/li>\n<li>Frida Andersson, SWE<\/li>\n<\/ul>\n<\/td>\n<\/tr>\n<tr style=\"height: 52px;\">\n<td style=\"width: 356px; height: 52px;\"><strong>\u00a0Speaker<\/strong><\/td>\n<td style=\"width: 580px; height: 52px;\">\n<ul>\n<li>Albin Bolin<\/li>\n<li>Adam Johansson<\/li>\n<\/ul>\n<\/td>\n<\/tr>\n<tr style=\"height: 34px;\">\n<td style=\"width: 356px; height: 34px;\"><strong>\u00a0Show Secretary<\/strong><\/td>\n<td style=\"width: 580px; height: 34px;\">\n<ul>\n<li>Maria Gudmundsson<\/li>\n<\/ul>\n<\/td>\n<\/tr>\n<tr style=\"height: 46px;\">\n<td style=\"width: 936px; height: 46px;\" colspan=\"2\">\n<h4>\u00a0Dressage<\/h4>\n<\/td>\n<\/tr>\n<tr style=\"height: 34px;\">\n<td style=\"width: 356px; height: 34px;\"><strong>\u00a0Dressage Manager\u00a0<\/strong><\/td>\n<td style=\"width: 580px; height: 34px;\">\n<ul>\n<li>Emelie Brolin, CDIO5*\/CDI3*\/CDI1*<\/li>\n<li>Charlotte Esping, National Dressage Classes<\/li>\n<\/ul>\n<\/td>\n<\/tr>\n<tr style=\"height: 124px;\">\n<td style=\"width: 356px; height: 124px;\">\n<p><strong>\u00a0Members, Judges<\/strong><\/p>\n<p>&nbsp;<\/td>\n<td style=\"width: 580px; height: 124px;\">\n<ul>\n<li>Fredrico Pinteus, POR<\/li>\n<li>Alexandre Lacerda Le\u00e3o, BRA<\/li>\n<li>Ulrika Nivelle, GER<\/li>\n<li>Magnus Ringmark, SWE<\/li>\n<li>Kurt Christensen, DEN<\/li>\n<li>Clive Halsall, GBR<\/li>\n<\/ul>\n<\/td>\n<\/tr>\n<tr style=\"height: 52px;\">\n<td style=\"width: 356px; height: 52px;\">\u00a0<strong>Speaker<\/strong><\/td>\n<td style=\"width: 580px; height: 52px;\">\n<ul>\n<li>Anna-Karin Nilsson<\/li>\n<li>Anna Blomdahl<\/li>\n<\/ul>\n<\/td>\n<\/tr>\n<tr style=\"height: 34px;\">\n<td style=\"width: 356px; height: 34px;\"><strong>\u00a0Show Secretary<\/strong><\/td>\n<td style=\"width: 580px; height: 34px;\">\n<ul>\n<li>Maria Gudmundsson<\/li>\n<\/ul>\n<\/td>\n<\/tr>\n<tr style=\"height: 46px;\">\n<td style=\"width: 936px; height: 46px;\" colspan=\"2\">\n<h4>\u00a0Veterinarian<\/h4>\n<\/td>\n<\/tr>\n<tr style=\"height: 34px;\">\n<td style=\"width: 356px; height: 34px;\">\u00a0<strong>President<\/strong><\/td>\n<td style=\"width: 580px; height: 34px;\">\n<ul>\n<li>Katarina Johansson, SWE<\/li>\n<\/ul>\n<\/td>\n<\/tr>\n<tr style=\"height: 46px;\">\n<td style=\"width: 936px; height: 46px;\" colspan=\"2\">\n<h4>\u00a0Key Officials<\/h4>\n<\/td>\n<\/tr>\n<tr style=\"height: 34px;\">\n<td style=\"width: 356px; height: 34px;\">\u00a0<strong>Accreditation<\/strong><\/td>\n<td style=\"width: 580px; height: 34px;\">\n<ul>\n<li>Kris Kringstad<\/li>\n<\/ul>\n<\/td>\n<\/tr>\n<tr style=\"height: 34px;\">\n<td style=\"height: 34px; width: 356px;\">\u00a0<strong>Security\/ Parking<\/strong><\/td>\n<td style=\"width: 580px; height: 34px;\">\n<ul>\n<li>F\u00f6rsvarsutbildarna K\u00e4vlinge<\/li>\n<\/ul>\n<\/td>\n<\/tr>\n<tr style=\"height: 34px;\">\n<td style=\"width: 356px; height: 34px;\"><strong>Icelandic Horses<\/strong><\/td>\n<td style=\"width: 580px; height: 34px;\">\n<ul>\n<li>Rebecca J\u00f3nasson<\/li>\n<\/ul>\n<\/td>\n<\/tr>\n<tr style=\"height: 50px;\">\n<td style=\"width: 356px; height: 50px;\"><strong>Track Manager<\/strong><\/td>\n<td style=\"width: 580px; height: 50px;\">\n<ul>\n<li>Siri Sj\u00f6gren<\/li>\n<\/ul>\n<\/td>\n<\/tr>\n<tr style=\"height: 34px;\">\n<td style=\"width: 356px; height: 34px;\"><strong>Cash register<\/strong><\/td>\n<td style=\"width: 580px; height: 34px;\">\n<ul>\n<li>Sebastian Lago<\/li>\n<li>Anna Nikolajeva<\/li>\n<\/ul>\n<\/td>\n<\/tr>\n<tr style=\"height: 88px;\">\n<td style=\"width: 356px; height: 88px;\"><strong>Janitor\/ Area<\/strong><\/td>\n<td style=\"width: 580px; height: 88px;\">\n<ul>\n<li>Tomek Hejniak<\/li>\n<li>Viktor Bengtsson<\/li>\n<li>Henrik Lundberg<\/li>\n<\/ul>\n<\/td>\n<\/tr>\n<tr style=\"height: 34px;\">\n<td style=\"width: 356px; height: 34px;\"><strong>Decorations<\/strong><\/td>\n<td style=\"width: 580px; height: 34px;\">\n<ul>\n<li>Lotte Wannius<\/li>\n<\/ul>\n<\/td>\n<\/tr>\n<tr style=\"height: 34px;\">\n<td style=\"width: 356px; height: 34px;\">\u00a0<strong>Dressage<\/strong><\/td>\n<td style=\"width: 580px; height: 34px;\">\n<ul>\n<li>Lotte Mattson<\/li>\n<\/ul>\n<\/td>\n<\/tr>\n<tr style=\"height: 34px;\">\n<td style=\"width: 356px; height: 34px;\"><strong>Dog activities<\/strong><\/td>\n<td style=\"width: 580px; height: 34px;\">\n<ul>\n<li>Susie Kryhl<\/li>\n<\/ul>\n<\/td>\n<\/tr>\n<tr style=\"height: 34px;\">\n<td style=\"width: 356px; height: 34px;\">\u00a0<strong>Electrician<\/strong><\/td>\n<td style=\"width: 580px; height: 34px;\">\n<ul>\n<li>Tommy Landgren<\/li>\n<\/ul>\n<\/td>\n<\/tr>\n<tr style=\"height: 34px;\">\n<td style=\"width: 356px; height: 34px;\"><strong>Exhibition<\/strong><\/td>\n<td style=\"width: 580px; height: 34px;\">\n<ul>\n<li>M\u00e5rten Larsson<\/li>\n<\/ul>\n<\/td>\n<\/tr>\n<tr style=\"height: 34px;\">\n<td style=\"width: 356px; height: 34px;\"><strong>Equipe<\/strong><\/td>\n<td style=\"width: 580px; height: 34px;\">\n<ul>\n<li>Kim Fors<\/li>\n<\/ul>\n<\/td>\n<\/tr>\n<tr style=\"height: 34px;\">\n<td style=\"width: 356px; height: 34px;\"><strong>Falsterbo Arena<\/strong><\/td>\n<td style=\"width: 580px; height: 34px;\">\n<ul>\n<li>Maria Stigsson<\/li>\n<\/ul>\n<\/td>\n<\/tr>\n<tr style=\"height: 34px;\">\n<td style=\"width: 356px; height: 34px;\"><strong>Family Corner<\/strong><\/td>\n<td style=\"width: 580px; height: 34px;\">\n<ul>\n<li>Ingela Petersson<\/li>\n<\/ul>\n<\/td>\n<\/tr>\n<tr style=\"height: 34px;\">\n<td style=\"width: 356px; height: 34px;\">\u00a0<strong>Photograph<\/strong><\/td>\n<td style=\"width: 580px; height: 34px;\">\n<ul>\n<li>Isak Rautenberg<\/li>\n<li>Rickard Lundgren<\/li>\n<li>Louise Dahlstr\u00f6m<\/li>\n<li>Erik Raabe<\/li>\n<\/ul>\n<\/td>\n<\/tr>\n<tr style=\"height: 34px;\">\n<td style=\"width: 356px; height: 34px;\">\u00a0<strong>Staff Manager<\/strong><\/td>\n<td style=\"width: 580px; height: 34px;\">\n<ul>\n<li>Denise Dako<\/li>\n<\/ul>\n<\/td>\n<\/tr>\n<tr style=\"height: 34px;\">\n<td style=\"width: 356px; height: 34px;\">\u00a0<strong>Catering<\/strong><\/td>\n<td style=\"width: 580px; height: 34px;\">\n<ul>\n<li>Johan Ahlbin\/ Falsterbo Catering<\/li>\n<\/ul>\n<\/td>\n<\/tr>\n<tr style=\"height: 34px;\">\n<td style=\"width: 356px; height: 34px;\">\u00a0<strong>Farrier<\/strong><\/td>\n<td style=\"width: 580px; height: 34px;\">\n<ul>\n<li>Rebecca Geigold\/ Flyinge<\/li>\n<\/ul>\n<\/td>\n<\/tr>\n<tr style=\"height: 52px;\">\n<td style=\"width: 356px; height: 52px;\"><strong>Grass areas<\/strong><\/td>\n<td style=\"width: 580px; height: 52px;\">\n<ul>\n<li>Jon Spanne<\/li>\n<li>Stig Persson<\/li>\n<\/ul>\n<\/td>\n<\/tr>\n<tr>\n<td style=\"width: 356px;\"><strong>Goods (Godsmottagning)\u00a0<\/strong><\/td>\n<td style=\"width: 580px;\">\n<ul>\n<li>Andreas Jadflak<\/li>\n<li>Johan Ahlbin<\/li>\n<\/ul>\n<\/td>\n<\/tr>\n<tr style=\"height: 34px;\">\n<td style=\"width: 356px; height: 34px;\">\u00a0<strong>Hotel<\/strong><\/td>\n<td style=\"width: 580px; height: 34px;\">\n<ul>\n<li>Malin Wachtmeister<\/li>\n<\/ul>\n<\/td>\n<\/tr>\n<tr style=\"height: 34px;\">\n<td style=\"width: 356px; height: 34px;\">\u00a0<strong>Horse Ambulance<\/strong><\/td>\n<td style=\"width: 580px; height: 34px;\">\n<ul>\n<li>Jonas Tysklind<\/li>\n<\/ul>\n<\/td>\n<\/tr>\n<tr style=\"height: 34px;\">\n<td style=\"width: 356px; height: 34px;\"><strong>Hunting<\/strong><\/td>\n<td style=\"width: 580px; height: 34px;\">\n<ul>\n<li>Jan J\u00f6nsson<\/li>\n<\/ul>\n<\/td>\n<\/tr>\n<tr style=\"height: 34px;\">\n<td style=\"width: 356px; height: 34px;\"><strong>Information<\/strong><\/td>\n<td style=\"width: 580px; height: 34px;\">\n<ul>\n<li>Stina Petersson<\/li>\n<\/ul>\n<\/td>\n<\/tr>\n<tr style=\"height: 34px;\">\n<td style=\"width: 356px; height: 34px;\"><strong>Jumbotron<\/strong><\/td>\n<td style=\"width: 580px; height: 34px;\">\n<ul>\n<li>Equipe<\/li>\n<\/ul>\n<\/td>\n<\/tr>\n<tr style=\"height: 52px;\">\n<td style=\"width: 356px; height: 52px;\">\u00a0<strong>Office<\/strong><\/td>\n<td style=\"width: 580px; height: 52px;\">\n<ul>\n<li>Malin Wachtmeister<\/li>\n<li>Emmeli Warging<\/li>\n<li>Emma Salqvist<\/li>\n<\/ul>\n<\/td>\n<\/tr>\n<tr style=\"height: 52px;\">\n<td style=\"width: 356px; height: 52px;\">\u00a0<strong>Doctor<\/strong><\/td>\n<td style=\"width: 580px; height: 52px;\">\n<ul>\n<li>Simon Schmidbauer<\/li>\n<li>Hanna Kulstad<\/li>\n<\/ul>\n<\/td>\n<\/tr>\n<tr style=\"height: 88px;\">\n<td style=\"width: 356px; height: 88px;\"><strong>Machines\/ tracks<\/strong><\/td>\n<td style=\"width: 580px; height: 88px;\">\n<ul>\n<li>Axel Bengtsson<\/li>\n<li>Erik Brinkby<\/li>\n<li>Mats Danielsson<\/li>\n<li>Zacharias Wingren<\/li>\n<\/ul>\n<\/td>\n<\/tr>\n<tr style=\"height: 52px;\">\n<td style=\"width: 356px; height: 52px;\">\u00a0<strong>Magazinet<\/strong><strong><br \/>\n<\/strong><\/td>\n<td style=\"width: 580px; height: 52px;\">\n<ul>\n<li>Sara Silfverberg<\/li>\n<li>Karolina Silfverberg<\/li>\n<\/ul>\n<\/td>\n<\/tr>\n<tr style=\"height: 34px;\">\n<td style=\"width: 356px; height: 34px;\"><strong>\u00a0Music<\/strong><\/td>\n<td style=\"width: 580px; height: 34px;\">\n<ul>\n<li>Ulrika Hedin\/Equipe<\/li>\n<\/ul>\n<\/td>\n<\/tr>\n<tr style=\"height: 34px;\">\n<td style=\"width: 356px; height: 34px;\">\u00a0<strong>Press<\/strong><\/td>\n<td style=\"width: 580px; height: 34px;\">\n<ul>\n<li>Josefin Wahlberg<\/li>\n<\/ul>\n<\/td>\n<\/tr>\n<tr style=\"height: 52px;\">\n<td style=\"width: 356px; height: 52px;\">\u00a0<strong>Prize giving Jumping<\/strong><\/td>\n<td style=\"width: 580px; height: 52px;\">\n<ul>\n<li>Sophia Nyman<\/li>\n<li>Vanessa Barnekorn<\/li>\n<\/ul>\n<\/td>\n<\/tr>\n<tr style=\"height: 34px;\">\n<td style=\"width: 356px; height: 34px;\"><strong>\u00a0Prize giving Dressage<\/strong><\/td>\n<td style=\"width: 580px; height: 34px;\">\n<ul>\n<li>Cecilia Magnusson<\/li>\n<\/ul>\n<\/td>\n<\/tr>\n<tr style=\"height: 34px;\">\n<td style=\"width: 356px; height: 34px;\"><strong>Rabbit jumping<\/strong><\/td>\n<td style=\"width: 580px; height: 34px;\">\n<ul>\n<li>Emma Malmqvist<\/li>\n<\/ul>\n<\/td>\n<\/tr>\n<tr style=\"height: 34px;\">\n<td style=\"width: 356px; height: 34px;\"><strong>Riders corner<\/strong><\/td>\n<td style=\"width: 580px; height: 34px;\">\n<ul>\n<li>Anita Jonsson<\/li>\n<\/ul>\n<\/td>\n<\/tr>\n<tr style=\"height: 34px;\">\n<td style=\"width: 356px; height: 34px;\">\u00a0<strong>Ringmaster<\/strong><\/td>\n<td style=\"width: 580px; height: 34px;\">\n<ul>\n<li>Jaana Alvesparr<\/li>\n<\/ul>\n<\/td>\n<\/tr>\n<tr style=\"height: 34px;\">\n<td style=\"width: 356px; height: 34px;\"><strong>Signs<\/strong><\/td>\n<td style=\"width: 580px; height: 34px;\">\n<ul>\n<li>Lotta Lundgren<\/li>\n<\/ul>\n<\/td>\n<\/tr>\n<tr style=\"height: 34px;\">\n<td style=\"width: 356px; height: 34px;\"><strong>Sound &amp; light highway<\/strong><\/td>\n<td style=\"width: 580px; height: 34px;\">\n<ul>\n<li>Daniel Sch\u00f6nbeck<\/li>\n<\/ul>\n<\/td>\n<\/tr>\n<tr style=\"height: 34px;\">\n<td style=\"width: 356px; height: 34px;\">\u00a0<strong>Social media<\/strong><\/td>\n<td style=\"width: 580px; height: 34px;\">\n<ul>\n<li>Josephine Sj\u00f6lin<\/li>\n<li>Emmeli Warging<\/li>\n<li>Emma Salqvist<\/li>\n<\/ul>\n<\/td>\n<\/tr>\n<tr style=\"height: 18px;\">\n<td style=\"width: 356px; height: 18px;\"><strong>Shuttleservice<\/strong><\/td>\n<td style=\"width: 580px; height: 18px;\">\n<ul>\n<li>Angelica Malmberg<\/li>\n<\/ul>\n<\/td>\n<\/tr>\n<tr style=\"height: 34px;\">\n<td style=\"width: 356px; height: 34px;\">\u00a0<strong>Stable Manager int.<\/strong><\/td>\n<td style=\"width: 580px; height: 34px;\">\n<ul>\n<li>Sofia Alexandersson<\/li>\n<\/ul>\n<\/td>\n<\/tr>\n<tr style=\"height: 34px;\">\n<td style=\"width: 356px; height: 34px;\">\u00a0<strong>Stable Manager nat.<\/strong><\/td>\n<td style=\"width: 580px; height: 34px;\">\n<ul>\n<li>Emelie Munksj\u00f6<\/li>\n<\/ul>\n<\/td>\n<\/tr>\n<tr style=\"height: 34px;\">\n<td style=\"width: 356px; height: 34px;\">\u00a0<strong>Security<\/strong><\/td>\n<td style=\"width: 580px; height: 34px;\">\n<ul>\n<li>K\u00e4vlinge F\u00f6rsvarsutbildare<\/li>\n<li>Svensk S\u00e4kerhet AB<\/li>\n<\/ul>\n<\/td>\n<\/tr>\n<tr style=\"height: 34px;\">\n<td style=\"width: 356px; height: 34px;\">\u00a0<strong>Technology<\/strong><\/td>\n<td style=\"width: 580px; height: 34px;\">\n<ul>\n<li>Per Nilsson<\/li>\n<\/ul>\n<\/td>\n<\/tr>\n<tr style=\"height: 34px;\">\n<td style=\"width: 356px; height: 34px;\"><strong>Exhibition<\/strong><\/td>\n<td style=\"width: 580px; height: 34px;\">\n<ul>\n<li>M\u00e5rten Larsson<\/li>\n<\/ul>\n<\/td>\n<\/tr>\n<tr style=\"height: 34px;\">\n<td style=\"width: 356px; height: 34px;\">\u00a0<strong>Video production<\/strong><\/td>\n<td style=\"width: 580px; height: 34px;\">\n<ul>\n<li>Equisport<\/li>\n<\/ul>\n<\/td>\n<\/tr>\n<tr style=\"height: 88px;\">\n<td style=\"width: 356px; height: 88px;\">\u00a0<strong>VIP Lounges<\/strong><\/td>\n<td style=\"width: 580px; height: 88px;\">\n<ul>\n<li>Johan Ahlbin\/Cater Event<\/li>\n<li>Christer Schildt<\/li>\n<li>Monica Barkow<\/li>\n<li>Josephine Tjernlund<\/li>\n<\/ul>\n<\/td>\n<\/tr>\n<\/tbody>\n<\/table>\n<table style=\"border-collapse: collapse; width: 98.142077%; height: 48px;\" border=\"1\">\n<tbody>\n<tr>\n<td style=\"width: 38.864143%;\"><strong>Truck Parking\u00a0<\/strong><\/td>\n<td style=\"width: 61.135857%;\">\n<ul>\n<li>Erik Wilson<\/li>\n<\/ul>\n<\/td>\n<\/tr>\n<\/tbody>\n<\/table>\n<p>&nbsp;<\/p>\n","protected":false},"excerpt":{"rendered":"<p>&nbsp; &nbsp; &nbsp; \u00a0Organizing Committee \u00a0Members Jan-Olof Wannius, President Elisabeth von Schrowe, Event Director Jan Brink Emelie Brolin G\u00f6ran Holm Josephine Sj\u00f6lin, Sport Manager Ulrika Hedin-S\u00e5nemyr Sylve S\u00f6derstrand \u00a0Show Jumping \u00a0Show Director Jan-Olof Wannius,\u00a0SWE \u00a0Chairman Judge Suzanne Macken, IRL \u00a0Foreign Judge Ren\u00e9 Billardon, FRA \u00a0Members, Judges &nbsp; Annika Pihl, SWE Fredrik Reuterski\u00f6ld, SWE Anna-Karin Tiden, [&hellip;]<\/p>\n","protected":false},"author":1,"featured_media":0,"parent":0,"menu_order":0,"comment_status":"closed","ping_status":"closed","template":"","meta":{"_acf_changed":false,"footnotes":""},"class_list":["post-225","page","type-page","status-publish","hentry"],"acf":[],"yoast_head":"<!-- This site is optimized with the Yoast SEO plugin v26.3 - https:\/\/yoast.com\/wordpress\/plugins\/seo\/ -->\n<title>Organization - Falsterbo Horse Show<\/title>\n<meta name=\"robots\" content=\"index, follow, max-snippet:-1, max-image-preview:large, max-video-preview:-1\" \/>\n<link rel=\"canonical\" href=\"https:\/\/falsterbohorseshow.se\/en\/organisation\/\" \/>\n<meta property=\"og:locale\" content=\"en_US\" \/>\n<meta property=\"og:type\" content=\"article\" \/>\n<meta property=\"og:title\" content=\"Organization - Falsterbo Horse Show\" \/>\n<meta property=\"og:description\" content=\"&nbsp; &nbsp; &nbsp; \u00a0Organizing Committee \u00a0Members Jan-Olof Wannius, President Elisabeth von Schrowe, Event Director Jan Brink Emelie Brolin G\u00f6ran Holm Josephine Sj\u00f6lin, Sport Manager Ulrika Hedin-S\u00e5nemyr Sylve S\u00f6derstrand \u00a0Show Jumping \u00a0Show Director Jan-Olof Wannius,\u00a0SWE \u00a0Chairman Judge Suzanne Macken, IRL \u00a0Foreign Judge Ren\u00e9 Billardon, FRA \u00a0Members, Judges &nbsp; Annika Pihl, SWE Fredrik Reuterski\u00f6ld, SWE Anna-Karin Tiden, [&hellip;]\" \/>\n<meta property=\"og:url\" content=\"https:\/\/falsterbohorseshow.se\/en\/organisation\/\" \/>\n<meta property=\"og:site_name\" content=\"Falsterbo Horse Show\" \/>\n<meta property=\"article:modified_time\" content=\"2026-03-31T08:36:59+00:00\" \/>\n<meta name=\"twitter:card\" content=\"summary_large_image\" \/>\n<meta name=\"twitter:label1\" content=\"Est. reading time\" \/>\n\t<meta name=\"twitter:data1\" content=\"2 minutes\" \/>\n<script type=\"application\/ld+json\" class=\"yoast-schema-graph\">{\"@context\":\"https:\/\/schema.org\",\"@graph\":[{\"@type\":\"WebPage\",\"@id\":\"https:\/\/falsterbohorseshow.se\/en\/organisation\/\",\"url\":\"https:\/\/falsterbohorseshow.se\/en\/organisation\/\",\"name\":\"Organization - Falsterbo Horse Show\",\"isPartOf\":{\"@id\":\"https:\/\/falsterbohorseshow.se\/#website\"},\"datePublished\":\"2019-02-13T11:54:55+00:00\",\"dateModified\":\"2026-03-31T08:36:59+00:00\",\"breadcrumb\":{\"@id\":\"https:\/\/falsterbohorseshow.se\/en\/organisation\/#breadcrumb\"},\"inLanguage\":\"en-US\",\"potentialAction\":[{\"@type\":\"ReadAction\",\"target\":[\"https:\/\/falsterbohorseshow.se\/en\/organisation\/\"]}]},{\"@type\":\"BreadcrumbList\",\"@id\":\"https:\/\/falsterbohorseshow.se\/en\/organisation\/#breadcrumb\",\"itemListElement\":[{\"@type\":\"ListItem\",\"position\":1,\"name\":\"Home\",\"item\":\"https:\/\/falsterbohorseshow.se\/en\/\"},{\"@type\":\"ListItem\",\"position\":2,\"name\":\"Organization\"}]},{\"@type\":\"WebSite\",\"@id\":\"https:\/\/falsterbohorseshow.se\/#website\",\"url\":\"https:\/\/falsterbohorseshow.se\/\",\"name\":\"Falsterbo Horse Show\",\"description\":\"As much Horse as Show\",\"publisher\":{\"@id\":\"https:\/\/falsterbohorseshow.se\/#organization\"},\"potentialAction\":[{\"@type\":\"SearchAction\",\"target\":{\"@type\":\"EntryPoint\",\"urlTemplate\":\"https:\/\/falsterbohorseshow.se\/?s={search_term_string}\"},\"query-input\":{\"@type\":\"PropertyValueSpecification\",\"valueRequired\":true,\"valueName\":\"search_term_string\"}}],\"inLanguage\":\"en-US\"},{\"@type\":\"Organization\",\"@id\":\"https:\/\/falsterbohorseshow.se\/#organization\",\"name\":\"Falsterbo Horse Show\",\"url\":\"https:\/\/falsterbohorseshow.se\/\",\"logo\":{\"@type\":\"ImageObject\",\"inLanguage\":\"en-US\",\"@id\":\"https:\/\/falsterbohorseshow.se\/#\/schema\/logo\/image\/\",\"url\":\"https:\/\/falsterbohorseshow.se\/wp-content\/uploads\/2023\/03\/Logo-till-hemsida.png\",\"contentUrl\":\"https:\/\/falsterbohorseshow.se\/wp-content\/uploads\/2023\/03\/Logo-till-hemsida.png\",\"width\":1336,\"height\":1337,\"caption\":\"Falsterbo Horse Show\"},\"image\":{\"@id\":\"https:\/\/falsterbohorseshow.se\/#\/schema\/logo\/image\/\"}}]}<\/script>\n<!-- \/ Yoast SEO plugin. -->","yoast_head_json":{"title":"Organization - Falsterbo Horse Show","robots":{"index":"index","follow":"follow","max-snippet":"max-snippet:-1","max-image-preview":"max-image-preview:large","max-video-preview":"max-video-preview:-1"},"canonical":"https:\/\/falsterbohorseshow.se\/en\/organisation\/","og_locale":"en_US","og_type":"article","og_title":"Organization - Falsterbo Horse Show","og_description":"&nbsp; &nbsp; &nbsp; \u00a0Organizing Committee \u00a0Members Jan-Olof Wannius, President Elisabeth von Schrowe, Event Director Jan Brink Emelie Brolin G\u00f6ran Holm Josephine Sj\u00f6lin, Sport Manager Ulrika Hedin-S\u00e5nemyr Sylve S\u00f6derstrand \u00a0Show Jumping \u00a0Show Director Jan-Olof Wannius,\u00a0SWE \u00a0Chairman Judge Suzanne Macken, IRL \u00a0Foreign Judge Ren\u00e9 Billardon, FRA \u00a0Members, Judges &nbsp; Annika Pihl, SWE Fredrik Reuterski\u00f6ld, SWE Anna-Karin Tiden, [&hellip;]","og_url":"https:\/\/falsterbohorseshow.se\/en\/organisation\/","og_site_name":"Falsterbo Horse Show","article_modified_time":"2026-03-31T08:36:59+00:00","twitter_card":"summary_large_image","twitter_misc":{"Est. reading time":"2 minutes"},"schema":{"@context":"https:\/\/schema.org","@graph":[{"@type":"WebPage","@id":"https:\/\/falsterbohorseshow.se\/en\/organisation\/","url":"https:\/\/falsterbohorseshow.se\/en\/organisation\/","name":"Organization - Falsterbo Horse Show","isPartOf":{"@id":"https:\/\/falsterbohorseshow.se\/#website"},"datePublished":"2019-02-13T11:54:55+00:00","dateModified":"2026-03-31T08:36:59+00:00","breadcrumb":{"@id":"https:\/\/falsterbohorseshow.se\/en\/organisation\/#breadcrumb"},"inLanguage":"en-US","potentialAction":[{"@type":"ReadAction","target":["https:\/\/falsterbohorseshow.se\/en\/organisation\/"]}]},{"@type":"BreadcrumbList","@id":"https:\/\/falsterbohorseshow.se\/en\/organisation\/#breadcrumb","itemListElement":[{"@type":"ListItem","position":1,"name":"Home","item":"https:\/\/falsterbohorseshow.se\/en\/"},{"@type":"ListItem","position":2,"name":"Organization"}]},{"@type":"WebSite","@id":"https:\/\/falsterbohorseshow.se\/#website","url":"https:\/\/falsterbohorseshow.se\/","name":"Falsterbo Horse Show","description":"As much Horse as Show","publisher":{"@id":"https:\/\/falsterbohorseshow.se\/#organization"},"potentialAction":[{"@type":"SearchAction","target":{"@type":"EntryPoint","urlTemplate":"https:\/\/falsterbohorseshow.se\/?s={search_term_string}"},"query-input":{"@type":"PropertyValueSpecification","valueRequired":true,"valueName":"search_term_string"}}],"inLanguage":"en-US"},{"@type":"Organization","@id":"https:\/\/falsterbohorseshow.se\/#organization","name":"Falsterbo Horse Show","url":"https:\/\/falsterbohorseshow.se\/","logo":{"@type":"ImageObject","inLanguage":"en-US","@id":"https:\/\/falsterbohorseshow.se\/#\/schema\/logo\/image\/","url":"https:\/\/falsterbohorseshow.se\/wp-content\/uploads\/2023\/03\/Logo-till-hemsida.png","contentUrl":"https:\/\/falsterbohorseshow.se\/wp-content\/uploads\/2023\/03\/Logo-till-hemsida.png","width":1336,"height":1337,"caption":"Falsterbo Horse Show"},"image":{"@id":"https:\/\/falsterbohorseshow.se\/#\/schema\/logo\/image\/"}}]}},"_links":{"self":[{"href":"https:\/\/falsterbohorseshow.se\/en\/wp-json\/wp\/v2\/pages\/225","targetHints":{"allow":["GET"]}}],"collection":[{"href":"https:\/\/falsterbohorseshow.se\/en\/wp-json\/wp\/v2\/pages"}],"about":[{"href":"https:\/\/falsterbohorseshow.se\/en\/wp-json\/wp\/v2\/types\/page"}],"author":[{"embeddable":true,"href":"https:\/\/falsterbohorseshow.se\/en\/wp-json\/wp\/v2\/users\/1"}],"replies":[{"embeddable":true,"href":"https:\/\/falsterbohorseshow.se\/en\/wp-json\/wp\/v2\/comments?post=225"}],"version-history":[{"count":68,"href":"https:\/\/falsterbohorseshow.se\/en\/wp-json\/wp\/v2\/pages\/225\/revisions"}],"predecessor-version":[{"id":12621,"href":"https:\/\/falsterbohorseshow.se\/en\/wp-json\/wp\/v2\/pages\/225\/revisions\/12621"}],"wp:attachment":[{"href":"https:\/\/falsterbohorseshow.se\/en\/wp-json\/wp\/v2\/media?parent=225"}],"curies":[{"name":"wp","href":"https:\/\/api.w.org\/{rel}","templated":true}]}}