{"id":10245,"date":"2023-05-23T09:48:26","date_gmt":"2023-05-23T09:48:26","guid":{"rendered":"https:\/\/falsterbohorseshow.se\/?page_id=10245"},"modified":"2023-05-23T09:48:26","modified_gmt":"2023-05-23T09:48:26","slug":"exhibitors-2023","status":"publish","type":"page","link":"https:\/\/falsterbohorseshow.se\/en\/exhibitors-2023\/","title":{"rendered":"Exhibitors 2023"},"content":{"rendered":"<h3 style=\"text-align: center;\">The list is continuously updated&#8230;<\/h3>\n<p style=\"text-align: center;\">ADAMSBRO<\/p>\n<p style=\"text-align: center;\">Agria<\/p>\n<p style=\"text-align: center;\">ALEQUI<\/p>\n<p style=\"text-align: center;\">Alexa Life<\/p>\n<p style=\"text-align: center;\">Alfab<\/p>\n<p style=\"text-align: center;\">Aloe Vera produkter fr\u00e5n FLP<\/p>\n<p style=\"text-align: center;\">Arken Zoo<\/p>\n<p style=\"text-align: center;\">AUSTRIAN LOOK<\/p>\n<p style=\"text-align: center;\">Back On Track<\/p>\n<p style=\"text-align: center;\">Bell Brodyr<\/p>\n<p style=\"text-align: center;\">Bemer Group<\/p>\n<p style=\"text-align: center;\">Bepps<\/p>\n<p style=\"text-align: center;\">BMR Produkter<\/p>\n<p style=\"text-align: center;\">BREIJA<\/p>\n<p style=\"text-align: center;\">Brogaarden<\/p>\n<p style=\"text-align: center;\">Bruno Delgrange<\/p>\n<p style=\"text-align: center;\">byAxel<\/p>\n<p style=\"text-align: center;\">B\u00f6ckmann<\/p>\n<p style=\"text-align: center;\">B\u00f6rjes Tingsryd<\/p>\n<p style=\"text-align: center;\">Camelina of Sweden<\/p>\n<p style=\"text-align: center;\">Carlmans<\/p>\n<p style=\"text-align: center;\">CFMOTO<\/p>\n<p style=\"text-align: center;\">City Boxen<\/p>\n<p style=\"text-align: center;\">DEFENDER<\/p>\n<p style=\"text-align: center;\">DeLaval<\/p>\n<p style=\"text-align: center;\">Derome<\/p>\n<p style=\"text-align: center;\">Dressyr Catrin Henriksson<\/p>\n<p style=\"text-align: center;\">Equality Line<\/p>\n<p style=\"text-align: center;\">Equestrian Future<\/p>\n<p style=\"text-align: center;\">Equestrian Stockholm<\/p>\n<p style=\"text-align: center;\">Equipe Saddles Sweden<\/p>\n<p style=\"text-align: center;\">Equistro Sweden<\/p>\n<p style=\"text-align: center;\">Equito Equestrian<\/p>\n<p style=\"text-align: center;\">Erreplus Saddlery<\/p>\n<p style=\"text-align: center;\">Evidensia H\u00e4st<\/p>\n<p style=\"text-align: center;\">Exakta<\/p>\n<p style=\"text-align: center;\">Fa Selection<\/p>\n<p style=\"text-align: center;\">Fa Trailer<\/p>\n<p style=\"text-align: center;\">Fager Bits<\/p>\n<p style=\"text-align: center;\">FARMCARE<\/p>\n<p style=\"text-align: center;\">Fasciaklinikerna<\/p>\n<p style=\"text-align: center;\">Folksam<\/p>\n<p style=\"text-align: center;\">Forzab\/Klippan Sl\u00e4p<\/p>\n<p style=\"text-align: center;\">Friskonomen<\/p>\n<p style=\"text-align: center;\">Get The Gallop<\/p>\n<p style=\"text-align: center;\">Gina Tricot<\/p>\n<p style=\"text-align: center;\">Global Trucks<\/p>\n<p style=\"text-align: center;\">GotKicks<\/p>\n<p style=\"text-align: center;\">Grimskylt.se<\/p>\n<p style=\"text-align: center;\">Groomer\u00b4s Goop &amp; Galloping Goop<\/p>\n<p style=\"text-align: center;\">Ground Force AB<\/p>\n<p style=\"text-align: center;\">Hannas Sadelbod<\/p>\n<p style=\"text-align: center;\">HANSBO SPORT<\/p>\n<p style=\"text-align: center;\">Healty Horse &amp; Dog<\/p>\n<p style=\"text-align: center;\">Hippofix<\/p>\n<p style=\"text-align: center;\">Horse and Home\/True horses<\/p>\n<p style=\"text-align: center;\">Horse Land<\/p>\n<p style=\"text-align: center;\">Horse Trainer<\/p>\n<p style=\"text-align: center;\">HORSEPARTNER HORSETRUCKS<\/p>\n<p style=\"text-align: center;\">Horseware \/ Str\u00f6msbergsg\u00e5rd<\/p>\n<p style=\"text-align: center;\">HorseWealth<\/p>\n<p style=\"text-align: center;\">House of Eqona<\/p>\n<p style=\"text-align: center;\">Ht Tv\u00e4ttmaskiner<\/p>\n<p style=\"text-align: center;\">Husqvarna Group<\/p>\n<p style=\"text-align: center;\">H\u00e4sten Beds<\/p>\n<p style=\"text-align: center;\">H\u00e4stk\u00e4llaren<\/p>\n<p style=\"text-align: center;\">H\u00f6\u00f6ks H\u00e4stsport<\/p>\n<p style=\"text-align: center;\">INGDAM&#8217;S<\/p>\n<p style=\"text-align: center;\">Intervacc<\/p>\n<p style=\"text-align: center;\">J-O Brink \/ Britespan<\/p>\n<p style=\"text-align: center;\">Jacson Equestrian<\/p>\n<p style=\"text-align: center;\">JB Trailer<\/p>\n<p style=\"text-align: center;\">Jessica Wehtje &amp; LWL Jewelry<\/p>\n<p style=\"text-align: center;\">K9<\/p>\n<p style=\"text-align: center;\">Katja Hannula<\/p>\n<p style=\"text-align: center;\">Kentucky Horsewear<\/p>\n<p style=\"text-align: center;\">Kingsr\u00f6d<\/p>\n<p style=\"text-align: center;\">Klingbergs Spas &amp; Living<\/p>\n<p style=\"text-align: center;\">Krafft<\/p>\n<p style=\"text-align: center;\">Kraft Stall &amp; Skrittmaskiner<\/p>\n<p style=\"text-align: center;\">Lantm\u00e4nnen KRAFFT<\/p>\n<p style=\"text-align: center;\">Lead Sports<\/p>\n<p style=\"text-align: center;\">Lieven Hendrix Horse Supplements<\/p>\n<p style=\"text-align: center;\">LuxuryDog.Shop<\/p>\n<p style=\"text-align: center;\">L\u00f6fquist Mek \/ Stall Magasinet<\/p>\n<p style=\"text-align: center;\">Magic Work\u00a0 \/ Maria Wolmesatam<\/p>\n<p style=\"text-align: center;\">Maya Delorez<\/p>\n<p style=\"text-align: center;\">Morgan Nyman AB &#8211; villavagnar<\/p>\n<p style=\"text-align: center;\">NAM NAM H\u00e4stgodis<\/p>\n<p style=\"text-align: center;\">Nooh Nooh<\/p>\n<p style=\"text-align: center;\">NoShout<\/p>\n<p style=\"text-align: center;\">OC Equestrian<\/p>\n<p style=\"text-align: center;\">Oliviaoemelie<\/p>\n<p style=\"text-align: center;\">OP Maskiner Syd<\/p>\n<p style=\"text-align: center;\">Outrage Tattoo<\/p>\n<p style=\"text-align: center;\">Paragan<\/p>\n<p style=\"text-align: center;\">Petex i Bor\u00e5s<\/p>\n<p style=\"text-align: center;\">Pharmalight<\/p>\n<p style=\"text-align: center;\">ProjAlpha<\/p>\n<p style=\"text-align: center;\">PS of Sweden<\/p>\n<p style=\"text-align: center;\">Realgymnasiet<\/p>\n<p style=\"text-align: center;\">REITPOL JABKOWSKI<\/p>\n<p style=\"text-align: center;\">Reitsport Burg Gretesch<\/p>\n<p style=\"text-align: center;\">Residence Christie\u00b4s International Real Estate<\/p>\n<p style=\"text-align: center;\">Rydsg\u00e5rds H\u00e4sttransport Center<\/p>\n<p style=\"text-align: center;\">RyttarCompaniet<\/p>\n<p style=\"text-align: center;\">R\u00f6wer &amp; R\u00fcb<\/p>\n<p style=\"text-align: center;\">S:A agency<\/p>\n<p style=\"text-align: center;\">Safety System<\/p>\n<p style=\"text-align: center;\">Salto H\u00e4stprodukter<\/p>\n<p style=\"text-align: center;\">Santa Cruz of Scandinavia<\/p>\n<p style=\"text-align: center;\">Saracen Horse Feeds<\/p>\n<p style=\"text-align: center;\">Sebastian Ucha<\/p>\n<p style=\"text-align: center;\">Sebos<\/p>\n<p style=\"text-align: center;\">Segra Gymnasiet<\/p>\n<p style=\"text-align: center;\">Skara H\u00e4stsport<\/p>\n<p style=\"text-align: center;\">Sk\u00e5nes Ridsportf\u00f6rbund<\/p>\n<p style=\"text-align: center;\">Slettvoll<\/p>\n<p style=\"text-align: center;\">SMP Sweden<\/p>\n<p style=\"text-align: center;\">Sonnys Sadelhj\u00e4lp<\/p>\n<p style=\"text-align: center;\">St. Hippolyt<\/p>\n<p style=\"text-align: center;\">Stallkompaniet<\/p>\n<p style=\"text-align: center;\">Sveland F\u00f6rs\u00e4kringar<\/p>\n<p style=\"text-align: center;\">Svenska Foder<\/p>\n<p style=\"text-align: center;\">SWETEX<\/p>\n<p style=\"text-align: center;\">S\u00f6derberg &amp; Haak<\/p>\n<p style=\"text-align: center;\">S\u00f6derberg &amp; Partners<\/p>\n<p style=\"text-align: center;\">Tessa &amp; Mimmi Clogs of Sweden<\/p>\n<p style=\"text-align: center;\">Tidningen Ridsport<\/p>\n<p style=\"text-align: center;\">Timr\u00e5harven<\/p>\n<p style=\"text-align: center;\">TMAC<\/p>\n<p style=\"text-align: center;\">Torstensons<\/p>\n<p style=\"text-align: center;\">Torstensons H\u00e4sttransportcenter<\/p>\n<p style=\"text-align: center;\">Trailer Import i Norden<\/p>\n<p style=\"text-align: center;\">Trailers &amp; Trucks Sweden<\/p>\n<p style=\"text-align: center;\">Trikem<\/p>\n<p style=\"text-align: center;\">TW H\u00e4stkompetens<\/p>\n<p style=\"text-align: center;\">U&amp;P Sports<\/p>\n<p style=\"text-align: center;\">Uhip<\/p>\n<p style=\"text-align: center;\">Umesl\u00e4p<\/p>\n<p style=\"text-align: center;\">Uppr\u00e4tta Ridsport \/ Stivali Romitelli<\/p>\n<p style=\"text-align: center;\">Ute Boxen<\/p>\n<p style=\"text-align: center;\">Vasahill Scandinavia<\/p>\n<p style=\"text-align: center;\">Vellinge Kommun<\/p>\n<p style=\"text-align: center;\">VIDA<\/p>\n<p style=\"text-align: center;\">V\u00e5ningen &amp; Villan<\/p>\n<p style=\"text-align: center;\">Water Boys<\/p>\n<p style=\"text-align: center;\">Wellnes at Home<\/p>\n<p style=\"text-align: center;\">Willab<\/p>\n<p style=\"text-align: center;\">www.equistore.se<\/p>\n<p style=\"text-align: center;\">Xtreme Cargo<\/p>\n<p style=\"text-align: center;\">Yamaha Motor<\/p>\n<p style=\"text-align: center;\">Zaczess<\/p>\n<p style=\"text-align: center;\">\u00d6sterlens H\u00e4sttransportcenter<\/p>\n<h3 style=\"text-align: center;\"><strong>Utst\u00e4llarkartor (2022)<\/strong><\/h3>\n<p style=\"text-align: center;\"><a href=\"http:\/\/falsterbohorseshow.se\/\/wp-content\/uploads\/2022\/06\/Entreomra\u030adet-2022-1.pdf\">Entry area 2022 <\/a><\/p>\n<p style=\"text-align: center;\"><a href=\"http:\/\/falsterbohorseshow.se\/\/wp-content\/uploads\/2022\/06\/Nya-omra\u030adet-2022.pdf\">New omra\u030adet 2022<\/a><\/p>\n<p style=\"text-align: center;\"><a href=\"http:\/\/falsterbohorseshow.se\/\/wp-content\/uploads\/2022\/06\/Utsta%CC%88llningsomra%CC%8Adet-bokstavsordning-2022-3.pdf\">Exhibition area 2022 &#8211; listed in alphabetical order<\/a><\/p>\n<p style=\"text-align: center;\"><a href=\"http:\/\/falsterbohorseshow.se\/\/wp-content\/uploads\/2022\/06\/Utsta\u0308llningsomra\u030adet-nummerordning-2022-2.pdf\">Exhibition area 2022 &#8211;\u00a0<\/a>listed in numerical order<\/p>\n<p style=\"text-align: center;\"><a href=\"http:\/\/falsterbohorseshow.se\/\/wp-content\/uploads\/2022\/07\/Framhoppningen-2022-1.pdf\">Exhibitors &#8211; Warm up Show jumping 2022<\/a><\/p>\n","protected":false},"excerpt":{"rendered":"<p>The list is continuously updated&#8230; ADAMSBRO Agria ALEQUI Alexa Life Alfab Aloe Vera produkter fr\u00e5n FLP Arken Zoo AUSTRIAN LOOK Back On Track Bell Brodyr Bemer Group Bepps BMR Produkter BREIJA Brogaarden Bruno Delgrange byAxel B\u00f6ckmann B\u00f6rjes Tingsryd Camelina of Sweden Carlmans CFMOTO City Boxen DEFENDER DeLaval Derome Dressyr Catrin Henriksson Equality Line Equestrian Future [&hellip;]<\/p>\n","protected":false},"author":9,"featured_media":0,"parent":0,"menu_order":0,"comment_status":"closed","ping_status":"closed","template":"","meta":{"_acf_changed":false,"footnotes":""},"class_list":["post-10245","page","type-page","status-publish","hentry"],"acf":[],"yoast_head":"<!-- This site is optimized with the Yoast SEO plugin v26.3 - https:\/\/yoast.com\/wordpress\/plugins\/seo\/ -->\n<title>Exhibitors 2023 - Falsterbo Horse Show<\/title>\n<meta name=\"robots\" content=\"index, follow, max-snippet:-1, max-image-preview:large, max-video-preview:-1\" \/>\n<link rel=\"canonical\" href=\"https:\/\/falsterbohorseshow.se\/en\/exhibitors-2023\/\" \/>\n<meta property=\"og:locale\" content=\"en_US\" \/>\n<meta property=\"og:type\" content=\"article\" \/>\n<meta property=\"og:title\" content=\"Exhibitors 2023 - Falsterbo Horse Show\" \/>\n<meta property=\"og:description\" content=\"The list is continuously updated&#8230; ADAMSBRO Agria ALEQUI Alexa Life Alfab Aloe Vera produkter fr\u00e5n FLP Arken Zoo AUSTRIAN LOOK Back On Track Bell Brodyr Bemer Group Bepps BMR Produkter BREIJA Brogaarden Bruno Delgrange byAxel B\u00f6ckmann B\u00f6rjes Tingsryd Camelina of Sweden Carlmans CFMOTO City Boxen DEFENDER DeLaval Derome Dressyr Catrin Henriksson Equality Line Equestrian Future [&hellip;]\" \/>\n<meta property=\"og:url\" content=\"https:\/\/falsterbohorseshow.se\/en\/exhibitors-2023\/\" \/>\n<meta property=\"og:site_name\" content=\"Falsterbo Horse Show\" \/>\n<meta name=\"twitter:card\" content=\"summary_large_image\" \/>\n<meta name=\"twitter:label1\" content=\"Est. reading time\" \/>\n\t<meta name=\"twitter:data1\" content=\"2 minutes\" \/>\n<script type=\"application\/ld+json\" class=\"yoast-schema-graph\">{\"@context\":\"https:\/\/schema.org\",\"@graph\":[{\"@type\":\"WebPage\",\"@id\":\"https:\/\/falsterbohorseshow.se\/en\/exhibitors-2023\/\",\"url\":\"https:\/\/falsterbohorseshow.se\/en\/exhibitors-2023\/\",\"name\":\"Exhibitors 2023 - Falsterbo Horse Show\",\"isPartOf\":{\"@id\":\"https:\/\/falsterbohorseshow.se\/#website\"},\"datePublished\":\"2023-05-23T09:48:26+00:00\",\"breadcrumb\":{\"@id\":\"https:\/\/falsterbohorseshow.se\/en\/exhibitors-2023\/#breadcrumb\"},\"inLanguage\":\"en-US\",\"potentialAction\":[{\"@type\":\"ReadAction\",\"target\":[\"https:\/\/falsterbohorseshow.se\/en\/exhibitors-2023\/\"]}]},{\"@type\":\"BreadcrumbList\",\"@id\":\"https:\/\/falsterbohorseshow.se\/en\/exhibitors-2023\/#breadcrumb\",\"itemListElement\":[{\"@type\":\"ListItem\",\"position\":1,\"name\":\"Home\",\"item\":\"https:\/\/falsterbohorseshow.se\/en\/\"},{\"@type\":\"ListItem\",\"position\":2,\"name\":\"Exhibitors 2023\"}]},{\"@type\":\"WebSite\",\"@id\":\"https:\/\/falsterbohorseshow.se\/#website\",\"url\":\"https:\/\/falsterbohorseshow.se\/\",\"name\":\"Falsterbo Horse Show\",\"description\":\"As much Horse as Show\",\"publisher\":{\"@id\":\"https:\/\/falsterbohorseshow.se\/#organization\"},\"potentialAction\":[{\"@type\":\"SearchAction\",\"target\":{\"@type\":\"EntryPoint\",\"urlTemplate\":\"https:\/\/falsterbohorseshow.se\/?s={search_term_string}\"},\"query-input\":{\"@type\":\"PropertyValueSpecification\",\"valueRequired\":true,\"valueName\":\"search_term_string\"}}],\"inLanguage\":\"en-US\"},{\"@type\":\"Organization\",\"@id\":\"https:\/\/falsterbohorseshow.se\/#organization\",\"name\":\"Falsterbo Horse Show\",\"url\":\"https:\/\/falsterbohorseshow.se\/\",\"logo\":{\"@type\":\"ImageObject\",\"inLanguage\":\"en-US\",\"@id\":\"https:\/\/falsterbohorseshow.se\/#\/schema\/logo\/image\/\",\"url\":\"https:\/\/falsterbohorseshow.se\/wp-content\/uploads\/2023\/03\/Logo-till-hemsida.png\",\"contentUrl\":\"https:\/\/falsterbohorseshow.se\/wp-content\/uploads\/2023\/03\/Logo-till-hemsida.png\",\"width\":1336,\"height\":1337,\"caption\":\"Falsterbo Horse Show\"},\"image\":{\"@id\":\"https:\/\/falsterbohorseshow.se\/#\/schema\/logo\/image\/\"}}]}<\/script>\n<!-- \/ Yoast SEO plugin. -->","yoast_head_json":{"title":"Exhibitors 2023 - Falsterbo Horse Show","robots":{"index":"index","follow":"follow","max-snippet":"max-snippet:-1","max-image-preview":"max-image-preview:large","max-video-preview":"max-video-preview:-1"},"canonical":"https:\/\/falsterbohorseshow.se\/en\/exhibitors-2023\/","og_locale":"en_US","og_type":"article","og_title":"Exhibitors 2023 - Falsterbo Horse Show","og_description":"The list is continuously updated&#8230; ADAMSBRO Agria ALEQUI Alexa Life Alfab Aloe Vera produkter fr\u00e5n FLP Arken Zoo AUSTRIAN LOOK Back On Track Bell Brodyr Bemer Group Bepps BMR Produkter BREIJA Brogaarden Bruno Delgrange byAxel B\u00f6ckmann B\u00f6rjes Tingsryd Camelina of Sweden Carlmans CFMOTO City Boxen DEFENDER DeLaval Derome Dressyr Catrin Henriksson Equality Line Equestrian Future [&hellip;]","og_url":"https:\/\/falsterbohorseshow.se\/en\/exhibitors-2023\/","og_site_name":"Falsterbo Horse Show","twitter_card":"summary_large_image","twitter_misc":{"Est. reading time":"2 minutes"},"schema":{"@context":"https:\/\/schema.org","@graph":[{"@type":"WebPage","@id":"https:\/\/falsterbohorseshow.se\/en\/exhibitors-2023\/","url":"https:\/\/falsterbohorseshow.se\/en\/exhibitors-2023\/","name":"Exhibitors 2023 - Falsterbo Horse Show","isPartOf":{"@id":"https:\/\/falsterbohorseshow.se\/#website"},"datePublished":"2023-05-23T09:48:26+00:00","breadcrumb":{"@id":"https:\/\/falsterbohorseshow.se\/en\/exhibitors-2023\/#breadcrumb"},"inLanguage":"en-US","potentialAction":[{"@type":"ReadAction","target":["https:\/\/falsterbohorseshow.se\/en\/exhibitors-2023\/"]}]},{"@type":"BreadcrumbList","@id":"https:\/\/falsterbohorseshow.se\/en\/exhibitors-2023\/#breadcrumb","itemListElement":[{"@type":"ListItem","position":1,"name":"Home","item":"https:\/\/falsterbohorseshow.se\/en\/"},{"@type":"ListItem","position":2,"name":"Exhibitors 2023"}]},{"@type":"WebSite","@id":"https:\/\/falsterbohorseshow.se\/#website","url":"https:\/\/falsterbohorseshow.se\/","name":"Falsterbo Horse Show","description":"As much Horse as Show","publisher":{"@id":"https:\/\/falsterbohorseshow.se\/#organization"},"potentialAction":[{"@type":"SearchAction","target":{"@type":"EntryPoint","urlTemplate":"https:\/\/falsterbohorseshow.se\/?s={search_term_string}"},"query-input":{"@type":"PropertyValueSpecification","valueRequired":true,"valueName":"search_term_string"}}],"inLanguage":"en-US"},{"@type":"Organization","@id":"https:\/\/falsterbohorseshow.se\/#organization","name":"Falsterbo Horse Show","url":"https:\/\/falsterbohorseshow.se\/","logo":{"@type":"ImageObject","inLanguage":"en-US","@id":"https:\/\/falsterbohorseshow.se\/#\/schema\/logo\/image\/","url":"https:\/\/falsterbohorseshow.se\/wp-content\/uploads\/2023\/03\/Logo-till-hemsida.png","contentUrl":"https:\/\/falsterbohorseshow.se\/wp-content\/uploads\/2023\/03\/Logo-till-hemsida.png","width":1336,"height":1337,"caption":"Falsterbo Horse Show"},"image":{"@id":"https:\/\/falsterbohorseshow.se\/#\/schema\/logo\/image\/"}}]}},"_links":{"self":[{"href":"https:\/\/falsterbohorseshow.se\/en\/wp-json\/wp\/v2\/pages\/10245","targetHints":{"allow":["GET"]}}],"collection":[{"href":"https:\/\/falsterbohorseshow.se\/en\/wp-json\/wp\/v2\/pages"}],"about":[{"href":"https:\/\/falsterbohorseshow.se\/en\/wp-json\/wp\/v2\/types\/page"}],"author":[{"embeddable":true,"href":"https:\/\/falsterbohorseshow.se\/en\/wp-json\/wp\/v2\/users\/9"}],"replies":[{"embeddable":true,"href":"https:\/\/falsterbohorseshow.se\/en\/wp-json\/wp\/v2\/comments?post=10245"}],"version-history":[{"count":1,"href":"https:\/\/falsterbohorseshow.se\/en\/wp-json\/wp\/v2\/pages\/10245\/revisions"}],"predecessor-version":[{"id":10246,"href":"https:\/\/falsterbohorseshow.se\/en\/wp-json\/wp\/v2\/pages\/10245\/revisions\/10246"}],"wp:attachment":[{"href":"https:\/\/falsterbohorseshow.se\/en\/wp-json\/wp\/v2\/media?parent=10245"}],"curies":[{"name":"wp","href":"https:\/\/api.w.org\/{rel}","templated":true}]}}